{"id":395,"date":"2019-10-21T05:11:17","date_gmt":"2019-10-21T05:11:17","guid":{"rendered":"https:\/\/sittaunam19.wordpress.com\/?page_id=395"},"modified":"2023-06-26T19:38:00","modified_gmt":"2023-06-26T19:38:00","slug":"secretarias-y-comisiones","status":"publish","type":"page","link":"https:\/\/sittaunam.org\/index.php\/secretarias-y-comisiones\/","title":{"rendered":"Secretar\u00edas y Comisiones"},"content":{"rendered":"\n<h2 class=\"wp-block-heading\">Secretar\u00edas<\/h2>\n\n\n\n<p><strong>Secretar\u00eda General <\/strong><\/p>\n\n\n\n<p>Se encuentra conformada por dos Secretarias y dos Secretarios Generales, quienes en su conjunto tienen la funci\u00f3n de representar legal y formalmente al SITTAUNAM, igual que a la Coordinaci\u00f3n Colegiada, ante cualquier tipo de autoridades, para iniciar todo tipo de procedimientos legales que sirvan para proteger los intereses del Sindicato.<\/p>\n\n\n\n<p><strong>Secretar\u00eda de Organizaci\u00f3n y Asuntos Universitarios <\/strong><\/p>\n\n\n\n<p>Tiene como papel la promoci\u00f3n de la afiliaci\u00f3n al SITTAUNAM, vigilando el adecuado funcionamiento del Sindicato, pondr\u00e1 especial atenci\u00f3n en formular un plan de trabajo que implique un cronograma y mapeo, en coordinaci\u00f3n con todas las secretar\u00edas de la Coordinaci\u00f3n Colegiada, para realizar una campa\u00f1a de afiliaci\u00f3n sindical en todas las dependencias de la UNAM. Promover\u00e1 la organizaci\u00f3n de los m\u00e1s diversos eventos de la comunidad acad\u00e9mica, para analizar los grandes problemas universitarios, especialmente los referentes a las funciones sustantivas de la universidad: docencia, investigaci\u00f3n y creaci\u00f3n de la cultura, para propiciar la participaci\u00f3n de los afiliados al Sindicato Independiente de Trabajadoras y Trabajadores Acad\u00e9micos de la Universidad Nacional Aut\u00f3noma de M\u00e9xico, en uni\u00f3n con los estudiantes, en el dise\u00f1o y elaboraci\u00f3n de los planes y programas de estudio y de investigaci\u00f3n, as\u00ed como en el modelo pedag\u00f3gico y did\u00e1ctico.<\/p>\n\n\n\n<p><strong>Secretar\u00eda de Actas, Acuerdos y Archivos<\/strong><\/p>\n\n\n\n<p>Es la encargada de que en cada sesi\u00f3n se levante un Acta en la que haga constar lo acontecido, as\u00ed como los acuerdos a que hayan llegado en la instancia de que se trate. Pondr\u00e1 a disposici\u00f3n de todos los afiliados del SITTAUNAM el archivo de dichas actas, adem\u00e1s deber\u00e1 publicar los acuerdos de todas las sesiones del Coordinaci\u00f3n Colegiada, Consejo General de Representantes, inmediatamente despu\u00e9s de cada sesi\u00f3n.<\/p>\n\n\n\n<p><strong>Secretar\u00eda de Trabajo, Conflictos, Vivienda y Previsi\u00f3n Social<\/strong><\/p>\n\n\n\n<p>Su funci\u00f3n es la de elaborar pol\u00edticas de incidencia y acercamiento con los trabajadores acad\u00e9micos, organizar\u00e1 talleres sobre sus derechos, en relaci\u00f3n con el Contrato Colectivo de Trabajo del personal acad\u00e9mico, la Ley Federal del Trabajo, el Estatuto del Personal Acad\u00e9mico, Tratados Internacionales, para contribuir en la defensa de los derechos de los afiliados al SITTAUNAM. Llevar\u00e1 un registro pormenorizado de todos los asuntos laborales o acad\u00e9mico-laborales, en que intervenga, dejando constancia de la forma como termina cada caso.<\/p>\n\n\n\n<p><strong>Secretar\u00eda de Relaciones <\/strong><\/p>\n\n\n\n<p>Busca establecer v\u00ednculos fraternos y de solidaridad con otros Sindicatos y organizaciones de la sociedad civil, que compartan nuestros principios y con los cuales podamos impulsar acciones comunes y ampliar la base social de apoyo mutuo. Elaborar\u00e1 un plan de acci\u00f3n del Sindicato que tenga por objeto principal establecer relaciones fraternas con nuestros aliados naturales, los estudiantes, y conjuntamente organizar eventos acad\u00e9micos de todo tipo, que permitan que los estudiantes inicien el proceso de construir su propia organizaci\u00f3n para incidir en la vida universitaria.<\/p>\n\n\n\n<p><strong>Secretar\u00eda de Prensa y Propaganda <\/strong><\/p>\n\n\n\n<p>Dirigir\u00e1 y coordinar\u00e1 los medios de difusi\u00f3n del Sindicato, procurando su publicaci\u00f3n regular. Ser\u00e1 el vocero del Sindicato y presidir\u00e1 su Consejo Editorial, elaborar\u00e1 los volantes, carteles, as\u00ed como toda la propaganda para impulsar los planes de acci\u00f3n que acuerde el Sindicato, as\u00ed como los objetivos de nuestra organizaci\u00f3n sindical.<\/p>\n\n\n\n<p><strong>Secretar\u00eda de Finanzas y Estudios Salariales<\/strong><\/p>\n\n\n\n<p>Tiene la guarda y custodia de los recursos econ\u00f3micos y patrimonio del Sindicato, le corresponde llevar la contabilidad del Sindicato bajo su custodia el patrimonio del Sindicato. Rendir\u00e1 informe detallado y completo de las finanzas del Sindicato.<\/p>\n\n\n\n<p><strong>Secretar\u00eda de Cultura, Deportes y Acci\u00f3n Sindical <\/strong><\/p>\n\n\n\n<p>Promover\u00e1 la producci\u00f3n y difusi\u00f3n de la cultura especialmente la nacional, a trav\u00e9s de actividades acad\u00e9micas de diversa \u00edndole, como: El teatro, la poes\u00eda, la m\u00fasica, la danza, la pintura, y todas las dem\u00e1s formas de expresi\u00f3n art\u00edstica y cultural. Asimismo promover\u00e1 y organizara la pr\u00e1ctica del deporte. En la docencia buscar\u00e1 proponer los modelos pedag\u00f3gicos y did\u00e1cticos que sean afines a los principios y objetivos del Sindicato, para coadyuvar en la adquisici\u00f3n de niveles de conciencia individual, social, pol\u00edtica y sindical, de los trabajadores acad\u00e9micos y sus familias. Promover\u00e1 y dirigir\u00e1 proyectos de investigaci\u00f3n relativos a los grandes problemas nacionales en el \u00e1mbito sindical, social, pol\u00edtico, econ\u00f3mico, cultural, pedag\u00f3gico, entre otros.<\/p>\n\n\n\n<p><strong>Secretar\u00eda de Igualdad de G\u00e9nero <\/strong><\/p>\n\n\n\n<p>Promover que la vida interna del Sindicato se desarrolle bajo condiciones de equidad de g\u00e9nero entre mujeres y hombres en todas sus actividades y \u00f3rganos de direcci\u00f3n sindical y con apego a este Estatuto. Asimismo, promover\u00e1 este principio en todas las dependencias de la UNAM y en la sociedad. Fomentar, apoyar y garantizar la participaci\u00f3n de mujeres y hombres en todas las actividades, reuniones, asambleas y \u00f3rganos de gobierno del Sindicato. Garantizar la participaci\u00f3n de las mujeres en todas las instancias y actividades sindicales, respetando su derecho de voz y voto. Asimismo, garantizar el derecho de las mujeres a votar y ser votadas para ocupar cargos en los \u00f3rganos de gobierno, siempre con apego a los Estatutos.<\/p>\n\n\n\n<h2 class=\"wp-block-heading\">Comisiones Aut\u00f3nomas<\/h2>\n\n\n\n<p><strong>Comisi\u00f3n Aut\u00f3noma de Vigilancia<\/strong><\/p>\n\n\n\n<p>Funcionar\u00e1 como cuerpo colegiado y en forma individual a trav\u00e9s de cada uno de sus miembros. Actuar\u00e1 en forma colegiada, en los procedimientos de investigaci\u00f3n, previos a todo procedimiento de aplicaci\u00f3n de alguna correcci\u00f3n disciplinaria. Actuar\u00e1 a trav\u00e9s de cualquiera de sus integrantes en cualquier otro caso que no se trate de procedimientos de investigaci\u00f3n.<\/p>\n\n\n\n<p> <strong>Comisi\u00f3n Aut\u00f3noma de Honor y Justicia <\/strong><\/p>\n\n\n\n<p>Actuar\u00e1 en forma colegiada conforme a lo que establece el Estatuto en los procedimientos que se sigan para aplicar cualquier sanci\u00f3n de las previstas por \u00e9l, ya sea a petici\u00f3n de la Comisi\u00f3n Aut\u00f3noma de Vigilancia o a iniciativa propia en los casos que as\u00ed proceda.<\/p>\n\n\n\n<p><strong>Comisi\u00f3n Aut\u00f3noma de Hacienda y Fiscalizaci\u00f3n<\/strong><\/p>\n\n\n\n<p>Analizar, revisar y en su caso aprobar y proponer modificaciones al presupuesto anual de ingresos y egresos del Sindicato. Supervisar la contabilidad del Sindicato, as\u00ed como los documentos relativos al movimiento de fondos cuando menos cada seis meses. Analizar, revisar y resolver acerca del informe sobre la cuenta completa y detallada del estado que guarda la administraci\u00f3n y el manejo de fondos del Sindicato.<\/p>\n\n\n\n<figure class=\"wp-block-image size-large is-resized\"><img fetchpriority=\"high\" decoding=\"async\" src=\"https:\/\/sittaunam19.files.wordpress.com\/2020\/02\/cropped-img-20200220-wa0036-2.jpg?w=512\" alt=\"\" class=\"wp-image-954\" width=\"241\" height=\"241\"\/><figcaption class=\"wp-element-caption\">SITTAUNAM<\/figcaption><\/figure>\n\n\n\n<p><\/p>\n","protected":false},"excerpt":{"rendered":"<p>Secretar\u00edas Secretar\u00eda General Se encuentra conformada por dos Secretarias y dos Secretarios Generales, quienes en su conjunto tienen la funci\u00f3n de representar legal y formalmente al SITTAUNAM, igual que a la Coordinaci\u00f3n Colegiada, ante cualquier tipo de autoridades, para iniciar todo tipo de procedimientos legales que sirvan para proteger los intereses del Sindicato. Secretar\u00eda de Organizaci\u00f3n y Asuntos Universitarios Tiene como papel la promoci\u00f3n de la afiliaci\u00f3n al SITTAUNAM, vigilando el adecuado funcionamiento del Sindicato, pondr\u00e1 especial atenci\u00f3n en formular un plan de trabajo que implique un cronograma y mapeo, en coordinaci\u00f3n con todas las secretar\u00edas de la Coordinaci\u00f3n Colegiada, para realizar una campa\u00f1a de afiliaci\u00f3n sindical en todas las dependencias de la UNAM. Promover\u00e1 la organizaci\u00f3n de los m\u00e1s diversos eventos de la comunidad acad\u00e9mica, para analizar los grandes problemas universitarios, especialmente los referentes a las funciones sustantivas de la universidad: docencia, investigaci\u00f3n y creaci\u00f3n de la cultura, para propiciar la participaci\u00f3n de los afiliados al Sindicato Independiente de Trabajadoras y Trabajadores Acad\u00e9micos de la Universidad Nacional Aut\u00f3noma de M\u00e9xico, en uni\u00f3n con los estudiantes, en el dise\u00f1o y elaboraci\u00f3n de los planes y programas de estudio y de investigaci\u00f3n, as\u00ed como en el modelo pedag\u00f3gico y did\u00e1ctico. Secretar\u00eda de Actas, Acuerdos y Archivos Es la encargada de que en cada sesi\u00f3n se levante un Acta en la que haga constar lo acontecido, as\u00ed como los acuerdos a que hayan llegado en la instancia de que se trate. Pondr\u00e1 a disposici\u00f3n de todos los afiliados del SITTAUNAM el archivo de dichas actas, adem\u00e1s deber\u00e1 publicar los acuerdos de todas las sesiones del Coordinaci\u00f3n Colegiada, Consejo General de Representantes, inmediatamente despu\u00e9s de cada sesi\u00f3n. Secretar\u00eda de Trabajo, Conflictos, Vivienda y Previsi\u00f3n Social Su funci\u00f3n es la de elaborar pol\u00edticas de incidencia y acercamiento con los trabajadores acad\u00e9micos, organizar\u00e1 talleres sobre sus derechos, en relaci\u00f3n con el Contrato Colectivo de Trabajo del personal acad\u00e9mico, la Ley Federal del Trabajo, el Estatuto del Personal Acad\u00e9mico, Tratados Internacionales, para contribuir en la defensa de los derechos de los afiliados al SITTAUNAM. Llevar\u00e1 un registro pormenorizado de todos los asuntos laborales o acad\u00e9mico-laborales, en que intervenga, dejando constancia de la forma como termina cada caso. Secretar\u00eda de Relaciones Busca establecer v\u00ednculos fraternos y de solidaridad con otros Sindicatos y organizaciones de la sociedad civil, que compartan nuestros principios y con los cuales podamos impulsar acciones comunes y ampliar la base social de apoyo mutuo. Elaborar\u00e1 un plan de acci\u00f3n del Sindicato que tenga por objeto principal establecer relaciones fraternas con nuestros aliados naturales, los estudiantes, y conjuntamente organizar eventos acad\u00e9micos de todo tipo, que permitan que los estudiantes inicien el proceso de construir su propia organizaci\u00f3n para incidir en la vida universitaria. Secretar\u00eda de Prensa y Propaganda Dirigir\u00e1 y coordinar\u00e1 los medios de difusi\u00f3n del Sindicato, procurando su publicaci\u00f3n regular. Ser\u00e1 el vocero del Sindicato y presidir\u00e1 su Consejo Editorial, elaborar\u00e1 los volantes, carteles, as\u00ed como toda la propaganda para impulsar los planes de acci\u00f3n que acuerde el Sindicato, as\u00ed como los objetivos de nuestra organizaci\u00f3n sindical. Secretar\u00eda de Finanzas y Estudios Salariales Tiene la guarda y custodia de los recursos econ\u00f3micos y patrimonio del Sindicato, le corresponde llevar la contabilidad del Sindicato bajo su custodia el patrimonio del Sindicato. Rendir\u00e1 informe detallado y completo de las finanzas del Sindicato. Secretar\u00eda de Cultura, Deportes y Acci\u00f3n Sindical Promover\u00e1 la producci\u00f3n y difusi\u00f3n de la cultura especialmente la nacional, a trav\u00e9s de actividades acad\u00e9micas de diversa \u00edndole, como: El teatro, la poes\u00eda, la m\u00fasica, la danza, la pintura, y todas las dem\u00e1s formas de expresi\u00f3n art\u00edstica y cultural. Asimismo promover\u00e1 y organizara la pr\u00e1ctica del deporte. En la docencia buscar\u00e1 proponer los modelos pedag\u00f3gicos y did\u00e1cticos que sean afines a los principios y objetivos del Sindicato, para coadyuvar en la adquisici\u00f3n de niveles de conciencia individual, social, pol\u00edtica y sindical, de los trabajadores acad\u00e9micos y sus familias. Promover\u00e1 y dirigir\u00e1 proyectos de investigaci\u00f3n relativos a los grandes problemas nacionales en el \u00e1mbito sindical, social, pol\u00edtico, econ\u00f3mico, cultural, pedag\u00f3gico, entre otros. Secretar\u00eda de Igualdad de G\u00e9nero Promover que la vida interna del Sindicato se desarrolle bajo condiciones de equidad de g\u00e9nero entre mujeres y hombres en todas sus actividades y \u00f3rganos de direcci\u00f3n sindical y con apego a este Estatuto. Asimismo, promover\u00e1 este principio en todas las dependencias de la UNAM y en la sociedad. Fomentar, apoyar y garantizar la participaci\u00f3n de mujeres y hombres en todas las actividades, reuniones, asambleas y \u00f3rganos de gobierno del Sindicato. Garantizar la participaci\u00f3n de las mujeres en todas las instancias y actividades sindicales, respetando su derecho de voz y voto. Asimismo, garantizar el derecho de las mujeres a votar y ser votadas para ocupar cargos en los \u00f3rganos de gobierno, siempre con apego a los Estatutos. Comisiones Aut\u00f3nomas Comisi\u00f3n Aut\u00f3noma de Vigilancia Funcionar\u00e1 como cuerpo colegiado y en forma individual a trav\u00e9s de cada uno de sus miembros. Actuar\u00e1 en forma colegiada, en los procedimientos de investigaci\u00f3n, previos a todo procedimiento de aplicaci\u00f3n de alguna correcci\u00f3n disciplinaria. Actuar\u00e1 a trav\u00e9s de cualquiera de sus integrantes en cualquier otro caso que no se trate de procedimientos de investigaci\u00f3n. Comisi\u00f3n Aut\u00f3noma de Honor y Justicia Actuar\u00e1 en forma colegiada conforme a lo que establece el Estatuto en los procedimientos que se sigan para aplicar cualquier sanci\u00f3n de las previstas por \u00e9l, ya sea a petici\u00f3n de la Comisi\u00f3n Aut\u00f3noma de Vigilancia o a iniciativa propia en los casos que as\u00ed proceda. Comisi\u00f3n Aut\u00f3noma de Hacienda y Fiscalizaci\u00f3n Analizar, revisar y en su caso aprobar y proponer modificaciones al presupuesto anual de ingresos y egresos del Sindicato. Supervisar la contabilidad del Sindicato, as\u00ed como los documentos relativos al movimiento de fondos cuando menos cada seis meses. Analizar, revisar y resolver acerca del informe sobre la cuenta completa y detallada del estado que guarda la administraci\u00f3n y el manejo de fondos del Sindicato.<\/p>\n","protected":false},"author":1,"featured_media":2361,"parent":0,"menu_order":0,"comment_status":"closed","ping_status":"closed","template":"","meta":{"site-sidebar-layout":"default","site-content-layout":"","ast-site-content-layout":"default","site-content-style":"default","site-sidebar-style":"default","ast-global-header-display":"","ast-banner-title-visibility":"","ast-main-header-display":"","ast-hfb-above-header-display":"","ast-hfb-below-header-display":"","ast-hfb-mobile-header-display":"","site-post-title":"","ast-breadcrumbs-content":"","ast-featured-img":"","footer-sml-layout":"","ast-disable-related-posts":"","theme-transparent-header-meta":"","adv-header-id-meta":"","stick-header-meta":"","header-above-stick-meta":"","header-main-stick-meta":"","header-below-stick-meta":"","astra-migrate-meta-layouts":"default","ast-page-background-enabled":"default","ast-page-background-meta":{"desktop":{"background-color":"var(--ast-global-color-5)","background-image":"","background-repeat":"repeat","background-position":"center center","background-size":"auto","background-attachment":"scroll","background-type":"","background-media":"","overlay-type":"","overlay-color":"","overlay-opacity":"","overlay-gradient":""},"tablet":{"background-color":"","background-image":"","background-repeat":"repeat","background-position":"center center","background-size":"auto","background-attachment":"scroll","background-type":"","background-media":"","overlay-type":"","overlay-color":"","overlay-opacity":"","overlay-gradient":""},"mobile":{"background-color":"","background-image":"","background-repeat":"repeat","background-position":"center center","background-size":"auto","background-attachment":"scroll","background-type":"","background-media":"","overlay-type":"","overlay-color":"","overlay-opacity":"","overlay-gradient":""}},"ast-content-background-meta":{"desktop":{"background-color":"var(--ast-global-color-4)","background-image":"","background-repeat":"repeat","background-position":"center center","background-size":"auto","background-attachment":"scroll","background-type":"","background-media":"","overlay-type":"","overlay-color":"","overlay-opacity":"","overlay-gradient":""},"tablet":{"background-color":"var(--ast-global-color-4)","background-image":"","background-repeat":"repeat","background-position":"center center","background-size":"auto","background-attachment":"scroll","background-type":"","background-media":"","overlay-type":"","overlay-color":"","overlay-opacity":"","overlay-gradient":""},"mobile":{"background-color":"var(--ast-global-color-4)","background-image":"","background-repeat":"repeat","background-position":"center center","background-size":"auto","background-attachment":"scroll","background-type":"","background-media":"","overlay-type":"","overlay-color":"","overlay-opacity":"","overlay-gradient":""}},"footnotes":""},"class_list":["post-395","page","type-page","status-publish","has-post-thumbnail","hentry"],"_links":{"self":[{"href":"https:\/\/sittaunam.org\/index.php\/wp-json\/wp\/v2\/pages\/395","targetHints":{"allow":["GET"]}}],"collection":[{"href":"https:\/\/sittaunam.org\/index.php\/wp-json\/wp\/v2\/pages"}],"about":[{"href":"https:\/\/sittaunam.org\/index.php\/wp-json\/wp\/v2\/types\/page"}],"author":[{"embeddable":true,"href":"https:\/\/sittaunam.org\/index.php\/wp-json\/wp\/v2\/users\/1"}],"replies":[{"embeddable":true,"href":"https:\/\/sittaunam.org\/index.php\/wp-json\/wp\/v2\/comments?post=395"}],"version-history":[{"count":1,"href":"https:\/\/sittaunam.org\/index.php\/wp-json\/wp\/v2\/pages\/395\/revisions"}],"predecessor-version":[{"id":2362,"href":"https:\/\/sittaunam.org\/index.php\/wp-json\/wp\/v2\/pages\/395\/revisions\/2362"}],"wp:featuredmedia":[{"embeddable":true,"href":"https:\/\/sittaunam.org\/index.php\/wp-json\/wp\/v2\/media\/2361"}],"wp:attachment":[{"href":"https:\/\/sittaunam.org\/index.php\/wp-json\/wp\/v2\/media?parent=395"}],"curies":[{"name":"wp","href":"https:\/\/api.w.org\/{rel}","templated":true}]}}