{"id":414,"date":"2019-10-21T05:57:09","date_gmt":"2019-10-21T05:57:09","guid":{"rendered":"https:\/\/sittaunam19.wordpress.com\/?page_id=414"},"modified":"2023-07-14T00:13:52","modified_gmt":"2023-07-14T00:13:52","slug":"directorio","status":"publish","type":"page","link":"https:\/\/sittaunam.org\/index.php\/directorio\/","title":{"rendered":"Directorio"},"content":{"rendered":"\n<h2 class=\"wp-block-heading has-text-align-center\">Secretar\u00edas<\/h2>\n\n\n\n<p class=\"has-text-align-center\"><strong>Secretar\u00eda General <\/strong><\/p>\n\n\n\n<p class=\"has-text-align-center\">Yurixhi Manr\u00edquez Bucio, Ma. del Pilar Schiaffini Hern\u00e1ndez, Andr\u00e9s \u00c1vila Armella y Juan Hern\u00e1ndez Arias<\/p>\n\n\n\n<p class=\"has-text-align-center\">sittaunam.sg@gmail.com<\/p>\n\n\n\n<p class=\"has-text-align-center\"><strong>Secretar\u00eda de Organizaci\u00f3n y Asuntos Universitarios <\/strong><\/p>\n\n\n\n<p class=\"has-text-align-center\">Edy Hern\u00e1ndez Rivera<\/p>\n\n\n\n<p class=\"has-text-align-center\">sittaunam.sorganizacionyau@gmail.com<\/p>\n\n\n\n<p class=\"has-text-align-center\"><strong>Secretar\u00eda de Actas, Acuerdos y Archivos<\/strong><\/p>\n\n\n\n<p class=\"has-text-align-center\">Mariana Vallejo Ramos<\/p>\n\n\n\n<p class=\"has-text-align-center\">sittaunam.tramites@gmail.com<\/p>\n\n\n\n<p class=\"has-text-align-center\"><strong>Secretar\u00eda de Trabajo, Conflictos, Vivienda y Previsi\u00f3n Social<\/strong><\/p>\n\n\n\n<p class=\"has-text-align-center\">Manuel Alfredo Olivares Bravo<\/p>\n\n\n\n<p class=\"has-text-align-center\">sec.trabajo.sittaunam@gmail.com<\/p>\n\n\n\n<p class=\"has-text-align-center\"><strong>Secretar\u00eda de Relaciones <\/strong><\/p>\n\n\n\n<p class=\"has-text-align-center\">Xenia Catalina Hern\u00e1ndez Barrios<\/p>\n\n\n\n<p class=\"has-text-align-center\">srelaciones@gmail.com<\/p>\n\n\n\n<p class=\"has-text-align-center\"><strong>Secretar\u00eda de Prensa y Propaganda <\/strong><\/p>\n\n\n\n<p class=\"has-text-align-center\">Alfredo Mendoza Serv\u00edn<\/p>\n\n\n\n<p class=\"has-text-align-center\"><strong> <\/strong>sittaunam.spp@gmail.com<\/p>\n\n\n\n<p class=\"has-text-align-center\"><strong>Secretar\u00eda de Finanzas y Estudios Salariales<\/strong><\/p>\n\n\n\n<p class=\"has-text-align-center\">\u00c9dgar D\u00e1valos Gonz\u00e1lez<\/p>\n\n\n\n<p class=\"has-text-align-center\">sittaunam.finanzas@gmail.com<\/p>\n\n\n\n<p class=\"has-text-align-center\"><strong>Secretar\u00eda de Cultura, Deportes y Acci\u00f3n Sindical <\/strong><\/p>\n\n\n\n<p class=\"has-text-align-center\">Brenda Porras Rodr\u00edguez<\/p>\n\n\n\n<p class=\"has-text-align-center\">secretariadecultura.sittaunam@gmail.com<\/p>\n\n\n\n<p class=\"has-text-align-center\"><strong>Secretar\u00eda de Igualdad de G\u00e9nero<\/strong><\/p>\n\n\n\n<p class=\"has-text-align-center\">Chp\u00edr Et\u00e9tzi S\u00e1nchez Garc\u00eda<\/p>\n\n\n\n<p class=\"has-text-align-center\">igenerosittaunam@gmail.com<\/p>\n\n\n\n<h2 class=\"wp-block-heading has-text-align-center\">Comisiones Aut\u00f3nomas<\/h2>\n\n\n\n<p class=\"has-text-align-center\"><strong>Comisi\u00f3n Aut\u00f3noma de Vigilancia<\/strong><\/p>\n\n\n\n<p class=\"has-text-align-center\">Omar Hern\u00e1ndez Ordo\u00f1ez (Presidente), Gabriel Gonzales Campos (Secretario) y Rita Libertad Adame Campos (Vocal)<\/p>\n\n\n\n<p class=\"has-text-align-center\">sittaunam.cavigilancia@gmail.com<\/p>\n\n\n\n<p class=\"has-text-align-center\"><strong>Comisi\u00f3n Aut\u00f3noma de Honor y Justicia <\/strong><\/p>\n\n\n\n<p class=\"has-text-align-center\">Mar\u00eda del Pilar Molina \u00c1lvarez (Presidenta), Elda Mayvelin Flores Villag\u00f3mez (Secretaria), Fernando Alan L\u00f3pez Bonifacio (Vocal)<\/p>\n\n\n\n<p class=\"has-text-align-center\"><strong>Comisi\u00f3n Aut\u00f3noma de Hacienda y Fiscalizaci\u00f3n<\/strong><\/p>\n\n\n\n<p class=\"has-text-align-center\">Mar\u00eda Gabriela Camacho Ledesma (Presidenta), Ram\u00f3n Castro Liceaga (Secretario) y Jes\u00fas Aurelio Cuevas D\u00edaz (Vocal)<\/p>\n\n\n\n<p class=\"has-text-align-center\">c.a.hacienda.sittaunam@gmail.com<\/p>\n\n\n\n<p><\/p>\n\n\n\n<figure class=\"wp-block-image aligncenter size-large is-resized\"><img decoding=\"async\" src=\"https:\/\/sittaunam19.files.wordpress.com\/2020\/02\/cropped-img-20200220-wa0036-2.jpg?w=512\" alt=\"\" class=\"wp-image-954\" width=\"211\" height=\"211\"\/><figcaption class=\"wp-element-caption\">SITTAUNAM<\/figcaption><\/figure>\n\n\n\n<p><\/p>\n","protected":false},"excerpt":{"rendered":"<p>Secretar\u00edas Secretar\u00eda General Yurixhi Manr\u00edquez Bucio, Ma. del Pilar Schiaffini Hern\u00e1ndez, Andr\u00e9s \u00c1vila Armella y Juan Hern\u00e1ndez Arias sittaunam.sg@gmail.com Secretar\u00eda de Organizaci\u00f3n y Asuntos Universitarios Edy Hern\u00e1ndez Rivera sittaunam.sorganizacionyau@gmail.com Secretar\u00eda de Actas, Acuerdos y Archivos Mariana Vallejo Ramos sittaunam.tramites@gmail.com Secretar\u00eda de Trabajo, Conflictos, Vivienda y Previsi\u00f3n Social Manuel Alfredo Olivares Bravo sec.trabajo.sittaunam@gmail.com Secretar\u00eda de Relaciones Xenia Catalina Hern\u00e1ndez Barrios srelaciones@gmail.com Secretar\u00eda de Prensa y Propaganda Alfredo Mendoza Serv\u00edn sittaunam.spp@gmail.com Secretar\u00eda de Finanzas y Estudios Salariales \u00c9dgar D\u00e1valos Gonz\u00e1lez sittaunam.finanzas@gmail.com Secretar\u00eda de Cultura, Deportes y Acci\u00f3n Sindical Brenda Porras Rodr\u00edguez secretariadecultura.sittaunam@gmail.com Secretar\u00eda de Igualdad de G\u00e9nero Chp\u00edr Et\u00e9tzi S\u00e1nchez Garc\u00eda igenerosittaunam@gmail.com Comisiones Aut\u00f3nomas Comisi\u00f3n Aut\u00f3noma de Vigilancia Omar Hern\u00e1ndez Ordo\u00f1ez (Presidente), Gabriel Gonzales Campos (Secretario) y Rita Libertad Adame Campos (Vocal) sittaunam.cavigilancia@gmail.com Comisi\u00f3n Aut\u00f3noma de Honor y Justicia Mar\u00eda del Pilar Molina \u00c1lvarez (Presidenta), Elda Mayvelin Flores Villag\u00f3mez (Secretaria), Fernando Alan L\u00f3pez Bonifacio (Vocal) Comisi\u00f3n Aut\u00f3noma de Hacienda y Fiscalizaci\u00f3n Mar\u00eda Gabriela Camacho Ledesma (Presidenta), Ram\u00f3n Castro Liceaga (Secretario) y Jes\u00fas Aurelio Cuevas D\u00edaz (Vocal) c.a.hacienda.sittaunam@gmail.com<\/p>\n","protected":false},"author":1,"featured_media":0,"parent":0,"menu_order":0,"comment_status":"closed","ping_status":"closed","template":"","meta":{"site-sidebar-layout":"default","site-content-layout":"","ast-site-content-layout":"default","site-content-style":"default","site-sidebar-style":"default","ast-global-header-display":"","ast-banner-title-visibility":"","ast-main-header-display":"","ast-hfb-above-header-display":"","ast-hfb-below-header-display":"","ast-hfb-mobile-header-display":"","site-post-title":"","ast-breadcrumbs-content":"","ast-featured-img":"","footer-sml-layout":"","ast-disable-related-posts":"","theme-transparent-header-meta":"","adv-header-id-meta":"","stick-header-meta":"","header-above-stick-meta":"","header-main-stick-meta":"","header-below-stick-meta":"","astra-migrate-meta-layouts":"default","ast-page-background-enabled":"default","ast-page-background-meta":{"desktop":{"background-color":"var(--ast-global-color-5)","background-image":"","background-repeat":"repeat","background-position":"center center","background-size":"auto","background-attachment":"scroll","background-type":"","background-media":"","overlay-type":"","overlay-color":"","overlay-opacity":"","overlay-gradient":""},"tablet":{"background-color":"","background-image":"","background-repeat":"repeat","background-position":"center center","background-size":"auto","background-attachment":"scroll","background-type":"","background-media":"","overlay-type":"","overlay-color":"","overlay-opacity":"","overlay-gradient":""},"mobile":{"background-color":"","background-image":"","background-repeat":"repeat","background-position":"center center","background-size":"auto","background-attachment":"scroll","background-type":"","background-media":"","overlay-type":"","overlay-color":"","overlay-opacity":"","overlay-gradient":""}},"ast-content-background-meta":{"desktop":{"background-color":"var(--ast-global-color-4)","background-image":"","background-repeat":"repeat","background-position":"center center","background-size":"auto","background-attachment":"scroll","background-type":"","background-media":"","overlay-type":"","overlay-color":"","overlay-opacity":"","overlay-gradient":""},"tablet":{"background-color":"var(--ast-global-color-4)","background-image":"","background-repeat":"repeat","background-position":"center center","background-size":"auto","background-attachment":"scroll","background-type":"","background-media":"","overlay-type":"","overlay-color":"","overlay-opacity":"","overlay-gradient":""},"mobile":{"background-color":"var(--ast-global-color-4)","background-image":"","background-repeat":"repeat","background-position":"center center","background-size":"auto","background-attachment":"scroll","background-type":"","background-media":"","overlay-type":"","overlay-color":"","overlay-opacity":"","overlay-gradient":""}},"footnotes":""},"class_list":["post-414","page","type-page","status-publish","hentry"],"_links":{"self":[{"href":"https:\/\/sittaunam.org\/index.php\/wp-json\/wp\/v2\/pages\/414","targetHints":{"allow":["GET"]}}],"collection":[{"href":"https:\/\/sittaunam.org\/index.php\/wp-json\/wp\/v2\/pages"}],"about":[{"href":"https:\/\/sittaunam.org\/index.php\/wp-json\/wp\/v2\/types\/page"}],"author":[{"embeddable":true,"href":"https:\/\/sittaunam.org\/index.php\/wp-json\/wp\/v2\/users\/1"}],"replies":[{"embeddable":true,"href":"https:\/\/sittaunam.org\/index.php\/wp-json\/wp\/v2\/comments?post=414"}],"version-history":[{"count":2,"href":"https:\/\/sittaunam.org\/index.php\/wp-json\/wp\/v2\/pages\/414\/revisions"}],"predecessor-version":[{"id":2400,"href":"https:\/\/sittaunam.org\/index.php\/wp-json\/wp\/v2\/pages\/414\/revisions\/2400"}],"wp:attachment":[{"href":"https:\/\/sittaunam.org\/index.php\/wp-json\/wp\/v2\/media?parent=414"}],"curies":[{"name":"wp","href":"https:\/\/api.w.org\/{rel}","templated":true}]}}