{"id":432,"date":"2019-10-23T06:18:56","date_gmt":"2019-10-23T06:18:56","guid":{"rendered":"https:\/\/sittaunam19.wordpress.com\/?page_id=432"},"modified":"2019-10-23T06:18:56","modified_gmt":"2019-10-23T06:18:56","slug":"por-que-luchamos-por-igualdad-de-genero","status":"publish","type":"page","link":"https:\/\/sittaunam.org\/index.php\/por-que-luchamos-por-igualdad-de-genero\/","title":{"rendered":"\u00bfPor qu\u00e9 luchamos por la igualdad de g\u00e9nero?"},"content":{"rendered":"\n<p>La&nbsp;perspectiva de g\u00e9nero&nbsp;es aquella que permite&nbsp;identificar la brecha distributiva o de condici\u00f3n, as\u00ed como la de oportunidades, entre hombres y mujeres; tambi\u00e9n permite identificar y llevar a cabo las&nbsp;acciones para crear las condiciones de cambio que permitan avanzar en la construcci\u00f3n de la igualdad de g\u00e9nero (1,2).<\/p>\n\n\n\n<p>La brecha de g\u00e9nero es un problema a nivel global. Las mujeres trabajan, en promedio, 9 horas por d\u00eda, de las cuales cerca de la mitad no son remuneradas, en el caso de los hombres, de las 8 horas que trabajan al d\u00eda, 1 o dos horas no les son remuneradas, ello en los pa\u00edses en desarrollo. Veamos los siguientes datos de la OIT (3):<\/p>\n\n\n\n<figure class=\"wp-block-image size-large\"><img fetchpriority=\"high\" decoding=\"async\" width=\"930\" height=\"587\" src=\"https:\/\/sittaunam19.files.wordpress.com\/2019\/10\/horas-loborales2.png?w=930\" alt=\"\" class=\"wp-image-439\" srcset=\"https:\/\/sittaunam.org\/wp-content\/uploads\/2019\/10\/horas-loborales2.png 930w, https:\/\/sittaunam.org\/wp-content\/uploads\/2019\/10\/horas-loborales2-300x189.png 300w, https:\/\/sittaunam.org\/wp-content\/uploads\/2019\/10\/horas-loborales2-768x485.png 768w\" sizes=\"(max-width: 930px) 100vw, 930px\" \/><figcaption>Tomado de:  <a href=\"https:\/\/www.ilo.org\/wcmsp5\/groups\/public\/---dgreports\/---dcomm\/---publ\/documents\/publication\/wcms_483214.pdf\">https:\/\/www.ilo.org\/wcmsp5\/groups\/public\/&#8212;dgreports\/&#8212;dcomm\/&#8212;publ\/documents\/publication\/wcms_483214.pdf<\/a> <\/figcaption><\/figure>\n\n\n\n<p>A nivel regional, en Am\u00e9rica Latina, resalta que en M\u00e9xico las mujeres laboran m\u00e1s de 60 horas a la semana, de las cuales 40 corresponden a trabajos no remunerados; mientras que los hombres trabajan hasta 45 horas a la semana de manera remunerada y y 14 horas no remuneradas. De hecho, seg\u00fan la OCDE (3), M\u00e9xico es el pa\u00eds en con m\u00e1s horas trabajadas por individuo por a\u00f1o. Veamos los datos son los siguientes:<\/p>\n\n\n\n<figure class=\"wp-block-image size-large\"><img decoding=\"async\" width=\"1409\" height=\"587\" src=\"https:\/\/sittaunam19.files.wordpress.com\/2019\/10\/horas-loborales-1.png?w=1024\" alt=\"\" class=\"wp-image-437\" srcset=\"https:\/\/sittaunam.org\/wp-content\/uploads\/2019\/10\/horas-loborales-1.png 1409w, https:\/\/sittaunam.org\/wp-content\/uploads\/2019\/10\/horas-loborales-1-300x125.png 300w, https:\/\/sittaunam.org\/wp-content\/uploads\/2019\/10\/horas-loborales-1-1024x427.png 1024w, https:\/\/sittaunam.org\/wp-content\/uploads\/2019\/10\/horas-loborales-1-768x320.png 768w\" sizes=\"(max-width: 1409px) 100vw, 1409px\" \/><figcaption>Obtenido de:  <a href=\"https:\/\/oig.cepal.org\/es\/indicadores\/tiempo-total-trabajo\">https:\/\/oig.cepal.org\/es\/indicadores\/tiempo-total-trabajo<\/a> <\/figcaption><\/figure>\n\n\n\n<p>En el mundo, la brecha salarial de g\u00e9nero es del 23%, es decir, las mujeres ganan el 77% ciento de lo que ganan los hombres por realizar el mismo trabajo (4). En la siguiente gr\u00e1fica se puede observar la brecha salarial en diferentes pa\u00edses.<\/p>\n\n\n\n<figure class=\"wp-block-image size-large\"><img decoding=\"async\" width=\"984\" height=\"631\" src=\"https:\/\/sittaunam19.files.wordpress.com\/2019\/10\/brecha-loboral.png?w=984\" alt=\"\" class=\"wp-image-441\" srcset=\"https:\/\/sittaunam.org\/wp-content\/uploads\/2019\/10\/brecha-loboral.png 984w, https:\/\/sittaunam.org\/wp-content\/uploads\/2019\/10\/brecha-loboral-300x192.png 300w, https:\/\/sittaunam.org\/wp-content\/uploads\/2019\/10\/brecha-loboral-768x492.png 768w\" sizes=\"(max-width: 984px) 100vw, 984px\" \/><figcaption>Tomado de:  <a href=\"https:\/\/www.ilo.org\/wcmsp5\/groups\/public\/---dgreports\/---dcomm\/---publ\/documents\/publication\/wcms_483214.pdf\">https:\/\/www.ilo.org\/wcmsp5\/groups\/public\/&#8212;dgreports\/&#8212;dcomm\/&#8212;publ\/documents\/publication\/wcms_483214.pdf<\/a> <\/figcaption><\/figure>\n\n\n\n<p>La brecha laboral de g\u00e9nero,&nbsp;es decir, las diferencias que existen entre hombres y mujeres al realizar las mismas actividades productivas, es un importante rezago que afecta a todas las trabajadoras de M\u00e9xico (5), ya que se, como se observa en la figura anterior, se presenta una brecha laboral. La UNAM no es la excepci\u00f3n, pues a\u00fan hay diferencias entre el n\u00famero de mujeres y hombres contratados, lo cual no se relaciona con que los hombres tengan m\u00e1s capacidades acad\u00e9micas <em>per se<\/em>, veamos los siguientes datos:<\/p>\n\n\n\n<figure class=\"wp-block-image size-large\"><img loading=\"lazy\" decoding=\"async\" width=\"1009\" height=\"689\" src=\"https:\/\/sittaunam19.files.wordpress.com\/2019\/10\/brecha-loboral-unam.png?w=1009\" alt=\"\" class=\"wp-image-444\" srcset=\"https:\/\/sittaunam.org\/wp-content\/uploads\/2019\/10\/brecha-loboral-unam.png 1009w, https:\/\/sittaunam.org\/wp-content\/uploads\/2019\/10\/brecha-loboral-unam-300x205.png 300w, https:\/\/sittaunam.org\/wp-content\/uploads\/2019\/10\/brecha-loboral-unam-768x524.png 768w\" sizes=\"(max-width: 1009px) 100vw, 1009px\" \/><figcaption>Tomado de:  <a href=\"http:\/\/dgapa.unam.mx\/images\/estadistica\/anuario_estadisticas_dgapa_2018.pdf\">http:\/\/dgapa.unam.mx\/images\/estadistica\/anuario_estadisticas_dgapa_2018.pdf<\/a> <\/figcaption><\/figure>\n\n\n\n<p> En el SITTAUNAM buscamos mejorar las condiciones laborales de todo el personal acad\u00e9mico, con perspectiva de g\u00e9nero. Para ello, consideramos importante construir formas de pensamiento y comunicaci\u00f3n incluyentes. Les invitamos a leer los siguientes documentos:<\/p>\n\n\n\n<figure class=\"wp-block-image size-large\"><img loading=\"lazy\" decoding=\"async\" width=\"763\" height=\"667\" src=\"https:\/\/sittaunam19.files.wordpress.com\/2019\/10\/lenguaje-gc3a9nero.png?w=763\" alt=\"\" class=\"wp-image-449\" srcset=\"https:\/\/sittaunam.org\/wp-content\/uploads\/2019\/10\/lenguaje-gc3a9nero.png 763w, https:\/\/sittaunam.org\/wp-content\/uploads\/2019\/10\/lenguaje-gc3a9nero-300x262.png 300w\" sizes=\"(max-width: 763px) 100vw, 763px\" \/><\/figure>\n\n\n\n<div class=\"wp-block-file\"><a href=\"https:\/\/sittaunam19.files.wordpress.com\/2019\/10\/guiabasica-uso_lenguaje_inaccss.pdf\">guiabasica-uso_lenguaje_inaccss<\/a><a href=\"https:\/\/sittaunam19.files.wordpress.com\/2019\/10\/guiabasica-uso_lenguaje_inaccss.pdf\" class=\"wp-block-file__button\" download>Descarga<\/a><\/div>\n\n\n\n<div class=\"wp-block-file\"><a href=\"https:\/\/sittaunam19.files.wordpress.com\/2019\/10\/cuadernillo-de-participaciocc81n.pdf\">cuadernillo-de-participaciocc81n<\/a><a href=\"https:\/\/sittaunam19.files.wordpress.com\/2019\/10\/cuadernillo-de-participaciocc81n.pdf\" class=\"wp-block-file__button\" download>Descarga<\/a><\/div>\n\n\n\n<p>Fuentes consultadas<\/p>\n\n\n\n<p>1  <a href=\"https:\/\/www.gob.mx\/conavim\/articulos\/que-es-la-perspectiva-de-genero-y-por-que-es-necesario-implementarla\">https:\/\/www.gob.mx\/conavim\/articulos\/que-es-la-perspectiva-de-genero-y-por-que-es-necesario-implementarla<\/a> <\/p>\n\n\n\n<p>2  <a href=\"https:\/\/www.oxfammexico.org\/sites\/default\/files\/Por%20mi%20raza%20hablara%20la%20desigualdad_0.pdf\">https:\/\/www.oxfammexico.org\/sites\/default\/files\/Por%20mi%20raza%20hablara%20la%20desigualdad_0.pdf<\/a> <\/p>\n\n\n\n<p>3  <a href=\"https:\/\/www.bbc.com\/mundo\/institucional-43872427\">https:\/\/www.bbc.com\/mundo\/institucional-43872427<\/a> <\/p>\n\n\n\n<p>4  <a href=\"https:\/\/www.ilo.org\/wcmsp5\/groups\/public\/---dgreports\/---dcomm\/---publ\/documents\/publication\/wcms_483214.pdf\">https:\/\/www.ilo.org\/wcmsp5\/groups\/public\/&#8212;dgreports\/&#8212;dcomm\/&#8212;publ\/documents\/publication\/wcms_483214.pdf<\/a> <\/p>\n\n\n\n<p>5  <a href=\"https:\/\/www.altonivel.com.mx\/actualidad\/mexico\/inequidad-desigualdad-laboral-mujeres-mexico\/\">https:\/\/www.altonivel.com.mx\/actualidad\/mexico\/inequidad-desigualdad-laboral-mujeres-mexico\/<\/a> <\/p>\n\n\n\n<p><\/p>\n\n\n\n<figure class=\"wp-block-image size-large is-resized\"><img loading=\"lazy\" decoding=\"async\" src=\"https:\/\/sittaunam19.files.wordpress.com\/2020\/07\/posicionamiento-violencia-6.jpg?w=427\" alt=\"\" class=\"wp-image-972\" width=\"253\" height=\"375\" srcset=\"https:\/\/sittaunam.org\/wp-content\/uploads\/2020\/07\/posicionamiento-violencia-6.jpg 427w, https:\/\/sittaunam.org\/wp-content\/uploads\/2020\/07\/posicionamiento-violencia-6-202x300.jpg 202w\" sizes=\"(max-width: 253px) 100vw, 253px\" \/><figcaption>IGUALDAD DE G\u00c9NERO &#8211; SITTAUNAM<\/figcaption><\/figure>\n","protected":false},"excerpt":{"rendered":"<p>La&nbsp;perspectiva de g\u00e9nero&nbsp;es aquella que permite&nbsp;identificar la brecha distributiva o de condici\u00f3n, as\u00ed como la de oportunidades, entre hombres y mujeres; tambi\u00e9n permite identificar y llevar a cabo las&nbsp;acciones para crear las condiciones de cambio que permitan avanzar en la construcci\u00f3n de la igualdad de g\u00e9nero (1,2). La brecha de g\u00e9nero es un problema a nivel global. Las mujeres trabajan, en promedio, 9 horas por d\u00eda, de las cuales cerca de la mitad no son remuneradas, en el caso de los hombres, de las 8 horas que trabajan al d\u00eda, 1 o dos horas no les son remuneradas, ello en los pa\u00edses en desarrollo. Veamos los siguientes datos de la OIT (3): A nivel regional, en Am\u00e9rica Latina, resalta que en M\u00e9xico las mujeres laboran m\u00e1s de 60 horas a la semana, de las cuales 40 corresponden a trabajos no remunerados; mientras que los hombres trabajan hasta 45 horas a la semana de manera remunerada y y 14 horas no remuneradas. De hecho, seg\u00fan la OCDE (3), M\u00e9xico es el pa\u00eds en con m\u00e1s horas trabajadas por individuo por a\u00f1o. Veamos los datos son los siguientes: En el mundo, la brecha salarial de g\u00e9nero es del 23%, es decir, las mujeres ganan el 77% ciento de lo que ganan los hombres por realizar el mismo trabajo (4). En la siguiente gr\u00e1fica se puede observar la brecha salarial en diferentes pa\u00edses. La brecha laboral de g\u00e9nero,&nbsp;es decir, las diferencias que existen entre hombres y mujeres al realizar las mismas actividades productivas, es un importante rezago que afecta a todas las trabajadoras de M\u00e9xico (5), ya que se, como se observa en la figura anterior, se presenta una brecha laboral. La UNAM no es la excepci\u00f3n, pues a\u00fan hay diferencias entre el n\u00famero de mujeres y hombres contratados, lo cual no se relaciona con que los hombres tengan m\u00e1s capacidades acad\u00e9micas per se, veamos los siguientes datos: En el SITTAUNAM buscamos mejorar las condiciones laborales de todo el personal acad\u00e9mico, con perspectiva de g\u00e9nero. Para ello, consideramos importante construir formas de pensamiento y comunicaci\u00f3n incluyentes. Les invitamos a leer los siguientes documentos: Fuentes consultadas 1 https:\/\/www.gob.mx\/conavim\/articulos\/que-es-la-perspectiva-de-genero-y-por-que-es-necesario-implementarla 2 https:\/\/www.oxfammexico.org\/sites\/default\/files\/Por%20mi%20raza%20hablara%20la%20desigualdad_0.pdf 3 https:\/\/www.bbc.com\/mundo\/institucional-43872427 4 https:\/\/www.ilo.org\/wcmsp5\/groups\/public\/&#8212;dgreports\/&#8212;dcomm\/&#8212;publ\/documents\/publication\/wcms_483214.pdf 5 https:\/\/www.altonivel.com.mx\/actualidad\/mexico\/inequidad-desigualdad-laboral-mujeres-mexico\/<\/p>\n","protected":false},"author":1,"featured_media":0,"parent":0,"menu_order":0,"comment_status":"closed","ping_status":"closed","template":"","meta":{"site-sidebar-layout":"default","site-content-layout":"","ast-site-content-layout":"default","site-content-style":"default","site-sidebar-style":"default","ast-global-header-display":"","ast-banner-title-visibility":"","ast-main-header-display":"","ast-hfb-above-header-display":"","ast-hfb-below-header-display":"","ast-hfb-mobile-header-display":"","site-post-title":"","ast-breadcrumbs-content":"","ast-featured-img":"","footer-sml-layout":"","ast-disable-related-posts":"","theme-transparent-header-meta":"","adv-header-id-meta":"","stick-header-meta":"","header-above-stick-meta":"","header-main-stick-meta":"","header-below-stick-meta":"","astra-migrate-meta-layouts":"default","ast-page-background-enabled":"default","ast-page-background-meta":{"desktop":{"background-color":"var(--ast-global-color-5)","background-image":"","background-repeat":"repeat","background-position":"center center","background-size":"auto","background-attachment":"scroll","background-type":"","background-media":"","overlay-type":"","overlay-color":"","overlay-opacity":"","overlay-gradient":""},"tablet":{"background-color":"","background-image":"","background-repeat":"repeat","background-position":"center center","background-size":"auto","background-attachment":"scroll","background-type":"","background-media":"","overlay-type":"","overlay-color":"","overlay-opacity":"","overlay-gradient":""},"mobile":{"background-color":"","background-image":"","background-repeat":"repeat","background-position":"center center","background-size":"auto","background-attachment":"scroll","background-type":"","background-media":"","overlay-type":"","overlay-color":"","overlay-opacity":"","overlay-gradient":""}},"ast-content-background-meta":{"desktop":{"background-color":"var(--ast-global-color-4)","background-image":"","background-repeat":"repeat","background-position":"center center","background-size":"auto","background-attachment":"scroll","background-type":"","background-media":"","overlay-type":"","overlay-color":"","overlay-opacity":"","overlay-gradient":""},"tablet":{"background-color":"var(--ast-global-color-4)","background-image":"","background-repeat":"repeat","background-position":"center center","background-size":"auto","background-attachment":"scroll","background-type":"","background-media":"","overlay-type":"","overlay-color":"","overlay-opacity":"","overlay-gradient":""},"mobile":{"background-color":"var(--ast-global-color-4)","background-image":"","background-repeat":"repeat","background-position":"center center","background-size":"auto","background-attachment":"scroll","background-type":"","background-media":"","overlay-type":"","overlay-color":"","overlay-opacity":"","overlay-gradient":""}},"footnotes":""},"class_list":["post-432","page","type-page","status-publish","hentry"],"_links":{"self":[{"href":"https:\/\/sittaunam.org\/index.php\/wp-json\/wp\/v2\/pages\/432","targetHints":{"allow":["GET"]}}],"collection":[{"href":"https:\/\/sittaunam.org\/index.php\/wp-json\/wp\/v2\/pages"}],"about":[{"href":"https:\/\/sittaunam.org\/index.php\/wp-json\/wp\/v2\/types\/page"}],"author":[{"embeddable":true,"href":"https:\/\/sittaunam.org\/index.php\/wp-json\/wp\/v2\/users\/1"}],"replies":[{"embeddable":true,"href":"https:\/\/sittaunam.org\/index.php\/wp-json\/wp\/v2\/comments?post=432"}],"version-history":[{"count":0,"href":"https:\/\/sittaunam.org\/index.php\/wp-json\/wp\/v2\/pages\/432\/revisions"}],"wp:attachment":[{"href":"https:\/\/sittaunam.org\/index.php\/wp-json\/wp\/v2\/media?parent=432"}],"curies":[{"name":"wp","href":"https:\/\/api.w.org\/{rel}","templated":true}]}}