{"id":52,"date":"2019-08-27T17:14:02","date_gmt":"2019-08-27T17:14:02","guid":{"rendered":"https:\/\/sittaunam19.wordpress.com\/?page_id=52"},"modified":"2019-08-27T17:14:02","modified_gmt":"2019-08-27T17:14:02","slug":"por-que-luchamos-por-un-salario-justo","status":"publish","type":"page","link":"https:\/\/sittaunam.org\/index.php\/por-que-luchamos-por-un-salario-justo\/","title":{"rendered":"\u00bfPor qu\u00e9 luchamos por un salario justo?"},"content":{"rendered":"\n<p>Recientemente se dio a conocer que nuestra Universidad ocupa ya el lugar 103 a nivel mundial<strong><sup>1<\/sup><\/strong>, lo cual consideramos un honor. Cabe destacar que, en el rubro de Prestigio Acad\u00e9mico, la UNAM ocupa el lugar 40, siendo el mejor resultado de las \u00faltimas evaluaciones; sin embargo, el sueldo de un(a) profesor(a) de la UNAM<strong><sup>2<\/sup><\/strong> (con 20 horas frente a grupo) equivale a la mitad de lo que percibe un(a) profesor(a), con 12 horas frente a grupo y 8 de descarga acad\u00e9mica, de la Universidad de Sao Paulo<strong><sup>3<\/sup><\/strong>, la cual se encuentra en el lugar 116 a nivel mundial.<\/p>\n\n\n\n<p>La diferencia de salarios entre docentes, a nivel internacional, puede estar relacionada con el salario m\u00ednimo de cada pa\u00eds. Siguiendo con el ejemplo, en Brasil el salario m\u00ednimo es de 295 d\u00f3lares mensuales, mientras que en M\u00e9xico es de 141 d\u00f3lares al mes<strong><sup>4<\/sup><\/strong>; sin embargo, si se consideran los sueldos de la alta burocracia las diferencias toman otro sentido. De acuerdo con el portal de transparencia de la UNAM (agosto de 2019), el Abogado General tiene un sueldo mensual de 25,625.19 pesos mensuales, a los cuales se le suma un monto de 133,244.38 pesos como parte de un rubro denominado Percepci\u00f3n Adicional en Dinero, con lo cual su ingreso total mensual es de 158,869.57 pesos<strong><sup>5<\/sup><\/strong>; o sea, recibe adicionalmente 519% de su sueldo. En tanto que un profesor de asignatura, en caso de que logre tener 28 horas (todas frente a grupo), recibe por ello $9,716 mensuales, con la posibilidad de recibir adicionalmente 26% (para profesores con estudios de licenciatura), 33% (maestr\u00eda) o 40% (doctorado), como parte del Programa de Est\u00edmulos a la Productividad y al Rendimiento del Personal Acad\u00e9mico de Asignatura (PEPASIG); m\u00e1s 2% por antig\u00fcedad, vale de despensa por 1,091 pesos y un complemento mensual de 184 pesos<strong><sup>3<\/sup><\/strong>. Mientras que, en la Universidad de Sao Paulo, un funcionario recibe m\u00e1ximo un sueldo<strong><sup>6<\/sup><\/strong> equivalente a 77,207 pesos mexicanos y, dependiendo de su funci\u00f3n, un adicional de hasta 16%<strong><sup>7<\/sup><\/strong>; es decir, cerca de la mitad de lo que recibe un funcionario de la UNAM.<\/p>\n\n\n\n<p>La desproporci\u00f3n en los salarios no es reciente, desde la d\u00e9cada de 1970 los ingresos de los acad\u00e9micos se han visto reducidos, ya que los aumentos salariales negociados<strong><sup>8<\/sup><\/strong> han estado por debajo de la inflaci\u00f3n<strong><sup>9<\/sup><\/strong>, lo que significa que ahora l@s profesores ganamos menos.<\/p>\n\n\n\n<figure class=\"wp-block-image\"><img fetchpriority=\"high\" decoding=\"async\" width=\"720\" height=\"960\" src=\"https:\/\/sittaunam19.files.wordpress.com\/2019\/08\/aumentosalarialunam-2.jpg?w=720\" alt=\"\" class=\"wp-image-100\" srcset=\"https:\/\/sittaunam.org\/wp-content\/uploads\/2019\/08\/aumentosalarialunam-2.jpg 720w, https:\/\/sittaunam.org\/wp-content\/uploads\/2019\/08\/aumentosalarialunam-2-225x300.jpg 225w\" sizes=\"(max-width: 720px) 100vw, 720px\" \/><\/figure>\n\n\n\n<figure class=\"wp-block-image size-large\"><img decoding=\"async\" width=\"1280\" height=\"751\" src=\"https:\/\/sittaunam19.files.wordpress.com\/2019\/10\/img-20191009-wa0016-1.jpg?w=1024\" alt=\"\" class=\"wp-image-349\" srcset=\"https:\/\/sittaunam.org\/wp-content\/uploads\/2019\/10\/img-20191009-wa0016-1.jpg 1280w, https:\/\/sittaunam.org\/wp-content\/uploads\/2019\/10\/img-20191009-wa0016-1-300x176.jpg 300w, https:\/\/sittaunam.org\/wp-content\/uploads\/2019\/10\/img-20191009-wa0016-1-1024x601.jpg 1024w, https:\/\/sittaunam.org\/wp-content\/uploads\/2019\/10\/img-20191009-wa0016-1-768x451.jpg 768w\" sizes=\"(max-width: 1280px) 100vw, 1280px\" \/><\/figure>\n\n\n\n<p><\/p>\n\n\n\n<p>Fuentes consultadas<\/p>\n\n\n\n<p>1 <a href=\"https:\/\/www.topuniversities.com\/university-rankings\/world-university-rankings\/2020\">https:\/\/www.topuniversities.com\/university-rankings\/world-university-rankings\/2020<\/a><\/p>\n\n\n\n<p>2<a href=\"http:\/\/dgapa.unam.mx\/images\/papiit\/contrato_colectivo_trabajo_peronal_academico_2017_2019.pdf\">http:\/\/dgapa.unam.mx\/images\/papiit\/contrato_colectivo_trabajo_peronal_academico_2017_2019.pdf<\/a><\/p>\n\n\n\n<p>3 <a href=\"http:\/\/www.usp.br\/drh\/wp-content\/uploads\/Tabela-Vencimentos-Docentes-05-2019.pdf\">http:\/\/www.usp.br\/drh\/wp-content\/uploads\/Tabela-Vencimentos-Docentes-05-2019.pdf<\/a><\/p>\n\n\n\n<p>4 <a href=\"http:\/\/salariominimo.com.mx\/comparativa-salario-minimo-latinoamerica\/\">http:\/\/salariominimo.com.mx\/comparativa-salario-minimo-latinoamerica\/<\/a><\/p>\n\n\n\n<p>5 <a href=\"http:\/\/www.transparencia.unam.mx\/obligaciones\/consulta\/remuneracion-personal\">http:\/\/www.transparencia.unam.mx\/obligaciones\/consulta\/remuneracion-personal<\/a><\/p>\n\n\n\n<p>6 <a href=\"http:\/\/www.usp.br\/drh\/wp-content\/uploads\/Tabela-Vencimentos-Funcion%C3%A1rios-05-2019.pdf\">http:\/\/www.usp.br\/drh\/wp-content\/uploads\/Tabela-Vencimentos-Funcion%C3%A1rios-05-2019.pdf<\/a><\/p>\n\n\n\n<p>7 <a href=\"http:\/\/www.usp.br\/drh\/wp-content\/uploads\/Tabela-de-fun%C3%A7%C3%A3o-05-2019.pdf\">http:\/\/www.usp.br\/drh\/wp-content\/uploads\/Tabela-de-fun%C3%A7%C3%A3o-05-2019.pdf<\/a><\/p>\n\n\n\n<p>8  <a href=\"https:\/\/www.stunam.org.mx\/22historia\/22sindicalismounam\/22sindi7.htm\">https:\/\/www.stunam.org.mx\/22historia\/22sindicalismounam\/22sindi7.htm<\/a> <\/p>\n\n\n\n<p>9  <a href=\"https:\/\/data.worldbank.org\/indicator\/FP.CPI.TOTL.ZG?locations=MX\">https:\/\/data.worldbank.org\/indicator\/FP.CPI.TOTL.ZG?locations=MX<\/a> <\/p>\n","protected":false},"excerpt":{"rendered":"<p>Recientemente se dio a conocer que nuestra Universidad ocupa ya el lugar 103 a nivel mundial1, lo cual consideramos un honor. Cabe destacar que, en el rubro de Prestigio Acad\u00e9mico, la UNAM ocupa el lugar 40, siendo el mejor resultado de las \u00faltimas evaluaciones; sin embargo, el sueldo de un(a) profesor(a) de la UNAM2 (con 20 horas frente a grupo) equivale a la mitad de lo que percibe un(a) profesor(a), con 12 horas frente a grupo y 8 de descarga acad\u00e9mica, de la Universidad de Sao Paulo3, la cual se encuentra en el lugar 116 a nivel mundial. La diferencia de salarios entre docentes, a nivel internacional, puede estar relacionada con el salario m\u00ednimo de cada pa\u00eds. Siguiendo con el ejemplo, en Brasil el salario m\u00ednimo es de 295 d\u00f3lares mensuales, mientras que en M\u00e9xico es de 141 d\u00f3lares al mes4; sin embargo, si se consideran los sueldos de la alta burocracia las diferencias toman otro sentido. De acuerdo con el portal de transparencia de la UNAM (agosto de 2019), el Abogado General tiene un sueldo mensual de 25,625.19 pesos mensuales, a los cuales se le suma un monto de 133,244.38 pesos como parte de un rubro denominado Percepci\u00f3n Adicional en Dinero, con lo cual su ingreso total mensual es de 158,869.57 pesos5; o sea, recibe adicionalmente 519% de su sueldo. En tanto que un profesor de asignatura, en caso de que logre tener 28 horas (todas frente a grupo), recibe por ello $9,716 mensuales, con la posibilidad de recibir adicionalmente 26% (para profesores con estudios de licenciatura), 33% (maestr\u00eda) o 40% (doctorado), como parte del Programa de Est\u00edmulos a la Productividad y al Rendimiento del Personal Acad\u00e9mico de Asignatura (PEPASIG); m\u00e1s 2% por antig\u00fcedad, vale de despensa por 1,091 pesos y un complemento mensual de 184 pesos3. Mientras que, en la Universidad de Sao Paulo, un funcionario recibe m\u00e1ximo un sueldo6 equivalente a 77,207 pesos mexicanos y, dependiendo de su funci\u00f3n, un adicional de hasta 16%7; es decir, cerca de la mitad de lo que recibe un funcionario de la UNAM. La desproporci\u00f3n en los salarios no es reciente, desde la d\u00e9cada de 1970 los ingresos de los acad\u00e9micos se han visto reducidos, ya que los aumentos salariales negociados8 han estado por debajo de la inflaci\u00f3n9, lo que significa que ahora l@s profesores ganamos menos. Fuentes consultadas 1 https:\/\/www.topuniversities.com\/university-rankings\/world-university-rankings\/2020 2http:\/\/dgapa.unam.mx\/images\/papiit\/contrato_colectivo_trabajo_peronal_academico_2017_2019.pdf 3 http:\/\/www.usp.br\/drh\/wp-content\/uploads\/Tabela-Vencimentos-Docentes-05-2019.pdf 4 http:\/\/salariominimo.com.mx\/comparativa-salario-minimo-latinoamerica\/ 5 http:\/\/www.transparencia.unam.mx\/obligaciones\/consulta\/remuneracion-personal 6 http:\/\/www.usp.br\/drh\/wp-content\/uploads\/Tabela-Vencimentos-Funcion%C3%A1rios-05-2019.pdf 7 http:\/\/www.usp.br\/drh\/wp-content\/uploads\/Tabela-de-fun%C3%A7%C3%A3o-05-2019.pdf 8 https:\/\/www.stunam.org.mx\/22historia\/22sindicalismounam\/22sindi7.htm 9 https:\/\/data.worldbank.org\/indicator\/FP.CPI.TOTL.ZG?locations=MX<\/p>\n","protected":false},"author":1,"featured_media":0,"parent":0,"menu_order":0,"comment_status":"closed","ping_status":"closed","template":"","meta":{"site-sidebar-layout":"default","site-content-layout":"","ast-site-content-layout":"default","site-content-style":"default","site-sidebar-style":"default","ast-global-header-display":"","ast-banner-title-visibility":"","ast-main-header-display":"","ast-hfb-above-header-display":"","ast-hfb-below-header-display":"","ast-hfb-mobile-header-display":"","site-post-title":"","ast-breadcrumbs-content":"","ast-featured-img":"","footer-sml-layout":"","ast-disable-related-posts":"","theme-transparent-header-meta":"","adv-header-id-meta":"","stick-header-meta":"","header-above-stick-meta":"","header-main-stick-meta":"","header-below-stick-meta":"","astra-migrate-meta-layouts":"default","ast-page-background-enabled":"default","ast-page-background-meta":{"desktop":{"background-color":"var(--ast-global-color-5)","background-image":"","background-repeat":"repeat","background-position":"center center","background-size":"auto","background-attachment":"scroll","background-type":"","background-media":"","overlay-type":"","overlay-color":"","overlay-opacity":"","overlay-gradient":""},"tablet":{"background-color":"","background-image":"","background-repeat":"repeat","background-position":"center center","background-size":"auto","background-attachment":"scroll","background-type":"","background-media":"","overlay-type":"","overlay-color":"","overlay-opacity":"","overlay-gradient":""},"mobile":{"background-color":"","background-image":"","background-repeat":"repeat","background-position":"center center","background-size":"auto","background-attachment":"scroll","background-type":"","background-media":"","overlay-type":"","overlay-color":"","overlay-opacity":"","overlay-gradient":""}},"ast-content-background-meta":{"desktop":{"background-color":"var(--ast-global-color-4)","background-image":"","background-repeat":"repeat","background-position":"center center","background-size":"auto","background-attachment":"scroll","background-type":"","background-media":"","overlay-type":"","overlay-color":"","overlay-opacity":"","overlay-gradient":""},"tablet":{"background-color":"var(--ast-global-color-4)","background-image":"","background-repeat":"repeat","background-position":"center center","background-size":"auto","background-attachment":"scroll","background-type":"","background-media":"","overlay-type":"","overlay-color":"","overlay-opacity":"","overlay-gradient":""},"mobile":{"background-color":"var(--ast-global-color-4)","background-image":"","background-repeat":"repeat","background-position":"center center","background-size":"auto","background-attachment":"scroll","background-type":"","background-media":"","overlay-type":"","overlay-color":"","overlay-opacity":"","overlay-gradient":""}},"footnotes":""},"class_list":["post-52","page","type-page","status-publish","hentry"],"_links":{"self":[{"href":"https:\/\/sittaunam.org\/index.php\/wp-json\/wp\/v2\/pages\/52","targetHints":{"allow":["GET"]}}],"collection":[{"href":"https:\/\/sittaunam.org\/index.php\/wp-json\/wp\/v2\/pages"}],"about":[{"href":"https:\/\/sittaunam.org\/index.php\/wp-json\/wp\/v2\/types\/page"}],"author":[{"embeddable":true,"href":"https:\/\/sittaunam.org\/index.php\/wp-json\/wp\/v2\/users\/1"}],"replies":[{"embeddable":true,"href":"https:\/\/sittaunam.org\/index.php\/wp-json\/wp\/v2\/comments?post=52"}],"version-history":[{"count":0,"href":"https:\/\/sittaunam.org\/index.php\/wp-json\/wp\/v2\/pages\/52\/revisions"}],"wp:attachment":[{"href":"https:\/\/sittaunam.org\/index.php\/wp-json\/wp\/v2\/media?parent=52"}],"curies":[{"name":"wp","href":"https:\/\/api.w.org\/{rel}","templated":true}]}}