{"id":56,"date":"2019-08-27T17:18:27","date_gmt":"2019-08-27T17:18:27","guid":{"rendered":"https:\/\/sittaunam19.wordpress.com\/?page_id=56"},"modified":"2019-08-27T17:18:27","modified_gmt":"2019-08-27T17:18:27","slug":"como-afiliarte-al-sittaunam","status":"publish","type":"page","link":"https:\/\/sittaunam.org\/index.php\/como-afiliarte-al-sittaunam\/","title":{"rendered":"C\u00f3mo afiliarte al SITTAUNAM"},"content":{"rendered":"\n<h2 class=\"wp-block-heading\" id=\"afiliacion\">A<span class=\"has-inline-color has-foreground-color\">filiaci\u00f3n<\/span><\/h2>\n\n\n\n<p>Ahora que es relativamente m\u00e1s seguro realizar actividades presenciales, las y los profesores con inter\u00e9s de afiliarse podr\u00e1n enviar, primero, sus documentos escaneados, posteriomente deber\u00e1n entregar la c\u00e9dula de afiliaci\u00f3n en f\u00edsico. Para lo cual le pedimos siga estos pasos:<\/p>\n\n\n\n<p><strong>1.- Reuna los siguientes documentos<\/strong><\/p>\n\n\n\n<p>a) Formato de C\u00e9dula de Afiliaci\u00f3n debidamente llenado y con firma aut\u00f3grafa <\/p>\n\n\n\n<div class=\"wp-block-file\"><a id=\"wp-block-file--media-ef7075c5-dd1e-485e-981f-2b5fadfa2d85\" href=\"https:\/\/sittaunam19.files.wordpress.com\/2021\/03\/cedula-de-afiliacion-sittaunam-2021.pdf\">cedula-de-afiliacion-sittaunam-2021<\/a><a href=\"https:\/\/sittaunam19.files.wordpress.com\/2021\/03\/cedula-de-afiliacion-sittaunam-2021.pdf\" class=\"wp-block-file__button wp-element-button\" download aria-describedby=\"wp-block-file--media-ef7075c5-dd1e-485e-981f-2b5fadfa2d85\">Descarga<\/a><\/div>\n\n\n\n<p>b) Si es profesor(a) en activo, copia del \u00faltimo tal\u00f3n de pago. Si es jubilado(a), la concesi\u00f3n de pensi\u00f3n y el \u00faltimo comrpogante de pago de pensi\u00f3n.<\/p>\n\n\n\n<p>c) Copia de credenciales de la UNAM y del INE, en caso de que esta \u00faltima no contenga domicilio, agregar un comprobante de domicilio. Si eres jubilado(a), copia de la \u00faltima credencial de la UNAM que tuviste.<\/p>\n\n\n\n<p><strong>2.-<\/strong> <strong>Llenar el formulario de preafiliaci\u00f3n con sus datos. En el formulario se pedir\u00e1 subir los archivos correspondientes a los documentos solicitados en el punto 1<\/strong>. Tales documentos deber\u00e1n estar escaneados o fotografiados procurando que su tama\u00f1o no exceda 1 megabyte.<\/p>\n\n\n\n<p><a href=\"https:\/\/docs.google.com\/forms\/d\/e\/1FAIpQLSef7dHVRvbq95gwR4iOJRbFAKg2wC10p7hg5uTF6M-NGXuvkA\/viewform?usp=sf_link\">Formulario de preafiliaci\u00f3n<\/a><\/p>\n\n\n\n<p><strong>3.- Escribir al correo <mark style=\"background-color:rgba(0, 0, 0, 0);\" class=\"has-inline-color has-secondary-color\">sittaunam.informacion@gmail.com<\/mark> para notificar que la preafiliaci\u00f3n fue llenada; posteriormente, por dicho medio se le contactar\u00e1 para confirmar la recepci\u00f3n e los documentos.<\/strong><\/p>\n\n\n\n<p><strong>4.- Entregar la c\u00e9dula de afiliaci\u00f3n de manera f\u00edsica, con firma aut\u00f3grafa. Para lo cual podr\u00e1 contactar a una o un profesor afiliado en su dependencia, para hacerle la entrega del documento o bien acordar la entrega con la secretaria de actas.<\/strong><\/p>\n\n\n\n<p>Tambi\u00e9n puede afiliarse con sus documentos directamente en las mesas de afiliaci\u00f3n que se estar\u00e1n organizando en algunas dependencias. Le invitamos a seguirnos en nuestro sitio de facebook para enterarse de las pr\u00f3ximas mesas de afiliaci\u00f3n.<\/p>\n\n\n\n<h2 class=\"wp-block-heading\" id=\"esta-en-otro-sindicato\">\u00bfEst\u00e1 en otro sindicato?<\/h2>\n\n\n\n<p>Si bien no es un requisito desafiliarse del otro sindicato, si lo desea puede hacerlo llenando el siguiente formato y entreg\u00e1ndolo junto con tus documentos de afiliaci\u00f3n<\/p>\n\n\n\n<div class=\"wp-block-file\"><a id=\"wp-block-file--media-8e6208cf-5a41-4e11-999b-3562217075e0\" href=\"https:\/\/sittaunam19.files.wordpress.com\/2021\/03\/formatos-cartas-renuncia-a-stunam-y-aapaunam-2021.pdf\">formatos-cartas-renuncia-a-stunam-y-aapaunam-2021<\/a><a href=\"https:\/\/sittaunam19.files.wordpress.com\/2021\/03\/formatos-cartas-renuncia-a-stunam-y-aapaunam-2021.pdf\" class=\"wp-block-file__button wp-element-button\" download aria-describedby=\"wp-block-file--media-8e6208cf-5a41-4e11-999b-3562217075e0\">Descarga<\/a><\/div>\n\n\n\n<h2 class=\"wp-block-heading\" id=\"propaganda\">Propaganda<\/h2>\n\n\n\n<p>Si ya est\u00e1s afiliado, o bien deseas solidarizarte con nosotr@s, comparte los siguientes materiales, as\u00ed ayudar\u00e1s a l@s docentes a que conozcan una alternativa colectiva.<\/p>\n\n\n\n<p><\/p>\n\n\n\n<figure class=\"wp-block-image size-large\"><img fetchpriority=\"high\" decoding=\"async\" width=\"816\" height=\"1056\" src=\"https:\/\/sittaunam19.files.wordpress.com\/2020\/01\/peel.jpg?w=791\" alt=\"\" class=\"wp-image-660\" srcset=\"https:\/\/sittaunam.org\/wp-content\/uploads\/2020\/01\/peel.jpg 816w, https:\/\/sittaunam.org\/wp-content\/uploads\/2020\/01\/peel-232x300.jpg 232w, https:\/\/sittaunam.org\/wp-content\/uploads\/2020\/01\/peel-791x1024.jpg 791w, https:\/\/sittaunam.org\/wp-content\/uploads\/2020\/01\/peel-768x994.jpg 768w\" sizes=\"(max-width: 816px) 100vw, 816px\" \/><\/figure>\n\n\n\n<figure class=\"wp-block-image size-large\"><img decoding=\"async\" width=\"2339\" height=\"1654\" src=\"https:\/\/sittaunam19.files.wordpress.com\/2021\/03\/tripticosittaunam1.jpg?w=1024\" alt=\"\" class=\"wp-image-1360\" srcset=\"https:\/\/sittaunam.org\/wp-content\/uploads\/2021\/03\/tripticosittaunam1.jpg 2339w, https:\/\/sittaunam.org\/wp-content\/uploads\/2021\/03\/tripticosittaunam1-300x212.jpg 300w, https:\/\/sittaunam.org\/wp-content\/uploads\/2021\/03\/tripticosittaunam1-1024x724.jpg 1024w, https:\/\/sittaunam.org\/wp-content\/uploads\/2021\/03\/tripticosittaunam1-768x543.jpg 768w, https:\/\/sittaunam.org\/wp-content\/uploads\/2021\/03\/tripticosittaunam1-1536x1086.jpg 1536w, https:\/\/sittaunam.org\/wp-content\/uploads\/2021\/03\/tripticosittaunam1-2048x1448.jpg 2048w\" sizes=\"(max-width: 2339px) 100vw, 2339px\" \/><\/figure>\n\n\n\n<figure class=\"wp-block-image size-large\"><img decoding=\"async\" width=\"2339\" height=\"1654\" src=\"https:\/\/sittaunam19.files.wordpress.com\/2021\/03\/triticosittaunam2.jpg?w=1024\" alt=\"\" class=\"wp-image-1361\" srcset=\"https:\/\/sittaunam.org\/wp-content\/uploads\/2021\/03\/triticosittaunam2.jpg 2339w, https:\/\/sittaunam.org\/wp-content\/uploads\/2021\/03\/triticosittaunam2-300x212.jpg 300w, https:\/\/sittaunam.org\/wp-content\/uploads\/2021\/03\/triticosittaunam2-1024x724.jpg 1024w, https:\/\/sittaunam.org\/wp-content\/uploads\/2021\/03\/triticosittaunam2-768x543.jpg 768w, https:\/\/sittaunam.org\/wp-content\/uploads\/2021\/03\/triticosittaunam2-1536x1086.jpg 1536w, https:\/\/sittaunam.org\/wp-content\/uploads\/2021\/03\/triticosittaunam2-2048x1448.jpg 2048w\" sizes=\"(max-width: 2339px) 100vw, 2339px\" \/><\/figure>\n\n\n\n<p> <\/p>\n","protected":false},"excerpt":{"rendered":"<p>Afiliaci\u00f3n Ahora que es relativamente m\u00e1s seguro realizar actividades presenciales, las y los profesores con inter\u00e9s de afiliarse podr\u00e1n enviar, primero, sus documentos escaneados, posteriomente deber\u00e1n entregar la c\u00e9dula de afiliaci\u00f3n en f\u00edsico. Para lo cual le pedimos siga estos pasos: 1.- Reuna los siguientes documentos a) Formato de C\u00e9dula de Afiliaci\u00f3n debidamente llenado y con firma aut\u00f3grafa b) Si es profesor(a) en activo, copia del \u00faltimo tal\u00f3n de pago. Si es jubilado(a), la concesi\u00f3n de pensi\u00f3n y el \u00faltimo comrpogante de pago de pensi\u00f3n. c) Copia de credenciales de la UNAM y del INE, en caso de que esta \u00faltima no contenga domicilio, agregar un comprobante de domicilio. Si eres jubilado(a), copia de la \u00faltima credencial de la UNAM que tuviste. 2.- Llenar el formulario de preafiliaci\u00f3n con sus datos. En el formulario se pedir\u00e1 subir los archivos correspondientes a los documentos solicitados en el punto 1. Tales documentos deber\u00e1n estar escaneados o fotografiados procurando que su tama\u00f1o no exceda 1 megabyte. Formulario de preafiliaci\u00f3n 3.- Escribir al correo sittaunam.informacion@gmail.com para notificar que la preafiliaci\u00f3n fue llenada; posteriormente, por dicho medio se le contactar\u00e1 para confirmar la recepci\u00f3n e los documentos. 4.- Entregar la c\u00e9dula de afiliaci\u00f3n de manera f\u00edsica, con firma aut\u00f3grafa. Para lo cual podr\u00e1 contactar a una o un profesor afiliado en su dependencia, para hacerle la entrega del documento o bien acordar la entrega con la secretaria de actas. Tambi\u00e9n puede afiliarse con sus documentos directamente en las mesas de afiliaci\u00f3n que se estar\u00e1n organizando en algunas dependencias. Le invitamos a seguirnos en nuestro sitio de facebook para enterarse de las pr\u00f3ximas mesas de afiliaci\u00f3n. \u00bfEst\u00e1 en otro sindicato? Si bien no es un requisito desafiliarse del otro sindicato, si lo desea puede hacerlo llenando el siguiente formato y entreg\u00e1ndolo junto con tus documentos de afiliaci\u00f3n Propaganda Si ya est\u00e1s afiliado, o bien deseas solidarizarte con nosotr@s, comparte los siguientes materiales, as\u00ed ayudar\u00e1s a l@s docentes a que conozcan una alternativa colectiva.<\/p>\n","protected":false},"author":1,"featured_media":0,"parent":0,"menu_order":0,"comment_status":"closed","ping_status":"closed","template":"","meta":{"site-sidebar-layout":"default","site-content-layout":"","ast-site-content-layout":"default","site-content-style":"default","site-sidebar-style":"default","ast-global-header-display":"","ast-banner-title-visibility":"","ast-main-header-display":"","ast-hfb-above-header-display":"","ast-hfb-below-header-display":"","ast-hfb-mobile-header-display":"","site-post-title":"","ast-breadcrumbs-content":"","ast-featured-img":"","footer-sml-layout":"","ast-disable-related-posts":"","theme-transparent-header-meta":"","adv-header-id-meta":"","stick-header-meta":"","header-above-stick-meta":"","header-main-stick-meta":"","header-below-stick-meta":"","astra-migrate-meta-layouts":"default","ast-page-background-enabled":"default","ast-page-background-meta":{"desktop":{"background-color":"var(--ast-global-color-5)","background-image":"","background-repeat":"repeat","background-position":"center center","background-size":"auto","background-attachment":"scroll","background-type":"","background-media":"","overlay-type":"","overlay-color":"","overlay-opacity":"","overlay-gradient":""},"tablet":{"background-color":"","background-image":"","background-repeat":"repeat","background-position":"center center","background-size":"auto","background-attachment":"scroll","background-type":"","background-media":"","overlay-type":"","overlay-color":"","overlay-opacity":"","overlay-gradient":""},"mobile":{"background-color":"","background-image":"","background-repeat":"repeat","background-position":"center center","background-size":"auto","background-attachment":"scroll","background-type":"","background-media":"","overlay-type":"","overlay-color":"","overlay-opacity":"","overlay-gradient":""}},"ast-content-background-meta":{"desktop":{"background-color":"var(--ast-global-color-4)","background-image":"","background-repeat":"repeat","background-position":"center center","background-size":"auto","background-attachment":"scroll","background-type":"","background-media":"","overlay-type":"","overlay-color":"","overlay-opacity":"","overlay-gradient":""},"tablet":{"background-color":"var(--ast-global-color-4)","background-image":"","background-repeat":"repeat","background-position":"center center","background-size":"auto","background-attachment":"scroll","background-type":"","background-media":"","overlay-type":"","overlay-color":"","overlay-opacity":"","overlay-gradient":""},"mobile":{"background-color":"var(--ast-global-color-4)","background-image":"","background-repeat":"repeat","background-position":"center center","background-size":"auto","background-attachment":"scroll","background-type":"","background-media":"","overlay-type":"","overlay-color":"","overlay-opacity":"","overlay-gradient":""}},"footnotes":""},"class_list":["post-56","page","type-page","status-publish","hentry"],"_links":{"self":[{"href":"https:\/\/sittaunam.org\/index.php\/wp-json\/wp\/v2\/pages\/56","targetHints":{"allow":["GET"]}}],"collection":[{"href":"https:\/\/sittaunam.org\/index.php\/wp-json\/wp\/v2\/pages"}],"about":[{"href":"https:\/\/sittaunam.org\/index.php\/wp-json\/wp\/v2\/types\/page"}],"author":[{"embeddable":true,"href":"https:\/\/sittaunam.org\/index.php\/wp-json\/wp\/v2\/users\/1"}],"replies":[{"embeddable":true,"href":"https:\/\/sittaunam.org\/index.php\/wp-json\/wp\/v2\/comments?post=56"}],"version-history":[{"count":0,"href":"https:\/\/sittaunam.org\/index.php\/wp-json\/wp\/v2\/pages\/56\/revisions"}],"wp:attachment":[{"href":"https:\/\/sittaunam.org\/index.php\/wp-json\/wp\/v2\/media?parent=56"}],"curies":[{"name":"wp","href":"https:\/\/api.w.org\/{rel}","templated":true}]}}