{"id":71,"date":"2019-08-27T17:56:04","date_gmt":"2019-08-27T17:56:04","guid":{"rendered":"https:\/\/sittaunam19.wordpress.com\/?page_id=71"},"modified":"2019-08-27T17:56:04","modified_gmt":"2019-08-27T17:56:04","slug":"dudas-frecuentes","status":"publish","type":"page","link":"https:\/\/sittaunam.org\/index.php\/dudas-frecuentes\/","title":{"rendered":"Dudas frecuentes"},"content":{"rendered":"\n<p>1.- Si ya estoy en un sindicato \u00bftengo que desafiliarme para afiliarme al SITTAUNAM? <\/p>\n\n\n\n<p>No<\/p>\n\n\n\n<p>2.- Si me afilio al SITTAUNAM \u00bfpierdo los derechos que me ofrecen los otros sindicatos?<\/p>\n\n\n\n<p>No, son derechos de tod@s los trabajadores, independientemente de que est\u00e9n afiliados o no<\/p>\n\n\n\n<p>4.- Si quiero desafiliarme del otro sindicato al que estoy afiliado \u00bfQu\u00e9 debo hacer?<\/p>\n\n\n\n<p>Puedes llenar este formato y entregarlo junto con tus documentos de afiliaci\u00f3n<\/p>\n\n\n\n<div class=\"wp-block-file\"><a href=\"https:\/\/sittaunam19.files.wordpress.com\/2019\/09\/formatos-cartas-renuncia-a-stunam-y-aapaunam.docx\">formatos-cartas-renuncia-a-stunam-y-aapaunam<\/a><a href=\"https:\/\/sittaunam19.files.wordpress.com\/2019\/09\/formatos-cartas-renuncia-a-stunam-y-aapaunam.docx\" class=\"wp-block-file__button\" download>Descarga<\/a><\/div>\n\n\n\n<p>3.- Si soy jubilad@ \u00bfPuedo afiliarme?<\/p>\n\n\n\n<p>S\u00ed, visita la secci\u00f3n de &#8220;c\u00f3mo afiliarte al SITTAUNAM&#8221; para consultar los documentos requeridos<\/p>\n\n\n\n<p>4.- Ya que entregu\u00e9 el tal\u00f3n de pago original \u00bfQu\u00e9 hago si lo necesito?<\/p>\n\n\n\n<p>Puede imprimir su tal\u00f3n de pago en la oficina virtual, a la cual puede acceder con el NIP que utiliza para subir calificaciones<\/p>\n\n\n\n<p>5.- Si soy extranjero \u00bfPuedo afiliarme al SITTAUNAM?<\/p>\n\n\n\n<p>S\u00ed, siempre que se cuente con el permiso, para trabajar, por parte de la Secretar\u00eda de Relaciones Exteriores. La \u00fanica limitaci\u00f3n, de acuerdo al Art. 372 de la Ley Federal del Trabajo, es que no puede formar parte de la directiva sindical.<\/p>\n\n\n\n<figure class=\"wp-block-image size-large is-resized\"><img decoding=\"async\" src=\"https:\/\/sittaunam19.files.wordpress.com\/2020\/02\/cropped-img-20200220-wa0036-2.jpg?w=512\" alt=\"\" class=\"wp-image-954\" width=\"197\" height=\"197\" \/><figcaption>SITTAUNAM<\/figcaption><\/figure>\n","protected":false},"excerpt":{"rendered":"<p>1.- Si ya estoy en un sindicato \u00bftengo que desafiliarme para afiliarme al SITTAUNAM? No 2.- Si me afilio al SITTAUNAM \u00bfpierdo los derechos que me ofrecen los otros sindicatos? No, son derechos de tod@s los trabajadores, independientemente de que est\u00e9n afiliados o no 4.- Si quiero desafiliarme del otro sindicato al que estoy afiliado \u00bfQu\u00e9 debo hacer? Puedes llenar este formato y entregarlo junto con tus documentos de afiliaci\u00f3n 3.- Si soy jubilad@ \u00bfPuedo afiliarme? S\u00ed, visita la secci\u00f3n de &#8220;c\u00f3mo afiliarte al SITTAUNAM&#8221; para consultar los documentos requeridos 4.- Ya que entregu\u00e9 el tal\u00f3n de pago original \u00bfQu\u00e9 hago si lo necesito? Puede imprimir su tal\u00f3n de pago en la oficina virtual, a la cual puede acceder con el NIP que utiliza para subir calificaciones 5.- Si soy extranjero \u00bfPuedo afiliarme al SITTAUNAM? S\u00ed, siempre que se cuente con el permiso, para trabajar, por parte de la Secretar\u00eda de Relaciones Exteriores. La \u00fanica limitaci\u00f3n, de acuerdo al Art. 372 de la Ley Federal del Trabajo, es que no puede formar parte de la directiva sindical.<\/p>\n","protected":false},"author":1,"featured_media":0,"parent":0,"menu_order":0,"comment_status":"closed","ping_status":"closed","template":"","meta":{"site-sidebar-layout":"default","site-content-layout":"","ast-site-content-layout":"default","site-content-style":"default","site-sidebar-style":"default","ast-global-header-display":"","ast-banner-title-visibility":"","ast-main-header-display":"","ast-hfb-above-header-display":"","ast-hfb-below-header-display":"","ast-hfb-mobile-header-display":"","site-post-title":"","ast-breadcrumbs-content":"","ast-featured-img":"","footer-sml-layout":"","ast-disable-related-posts":"","theme-transparent-header-meta":"","adv-header-id-meta":"","stick-header-meta":"","header-above-stick-meta":"","header-main-stick-meta":"","header-below-stick-meta":"","astra-migrate-meta-layouts":"default","ast-page-background-enabled":"default","ast-page-background-meta":{"desktop":{"background-color":"var(--ast-global-color-5)","background-image":"","background-repeat":"repeat","background-position":"center center","background-size":"auto","background-attachment":"scroll","background-type":"","background-media":"","overlay-type":"","overlay-color":"","overlay-opacity":"","overlay-gradient":""},"tablet":{"background-color":"","background-image":"","background-repeat":"repeat","background-position":"center center","background-size":"auto","background-attachment":"scroll","background-type":"","background-media":"","overlay-type":"","overlay-color":"","overlay-opacity":"","overlay-gradient":""},"mobile":{"background-color":"","background-image":"","background-repeat":"repeat","background-position":"center center","background-size":"auto","background-attachment":"scroll","background-type":"","background-media":"","overlay-type":"","overlay-color":"","overlay-opacity":"","overlay-gradient":""}},"ast-content-background-meta":{"desktop":{"background-color":"var(--ast-global-color-4)","background-image":"","background-repeat":"repeat","background-position":"center center","background-size":"auto","background-attachment":"scroll","background-type":"","background-media":"","overlay-type":"","overlay-color":"","overlay-opacity":"","overlay-gradient":""},"tablet":{"background-color":"var(--ast-global-color-4)","background-image":"","background-repeat":"repeat","background-position":"center center","background-size":"auto","background-attachment":"scroll","background-type":"","background-media":"","overlay-type":"","overlay-color":"","overlay-opacity":"","overlay-gradient":""},"mobile":{"background-color":"var(--ast-global-color-4)","background-image":"","background-repeat":"repeat","background-position":"center center","background-size":"auto","background-attachment":"scroll","background-type":"","background-media":"","overlay-type":"","overlay-color":"","overlay-opacity":"","overlay-gradient":""}},"footnotes":""},"class_list":["post-71","page","type-page","status-publish","hentry"],"_links":{"self":[{"href":"https:\/\/sittaunam.org\/index.php\/wp-json\/wp\/v2\/pages\/71","targetHints":{"allow":["GET"]}}],"collection":[{"href":"https:\/\/sittaunam.org\/index.php\/wp-json\/wp\/v2\/pages"}],"about":[{"href":"https:\/\/sittaunam.org\/index.php\/wp-json\/wp\/v2\/types\/page"}],"author":[{"embeddable":true,"href":"https:\/\/sittaunam.org\/index.php\/wp-json\/wp\/v2\/users\/1"}],"replies":[{"embeddable":true,"href":"https:\/\/sittaunam.org\/index.php\/wp-json\/wp\/v2\/comments?post=71"}],"version-history":[{"count":0,"href":"https:\/\/sittaunam.org\/index.php\/wp-json\/wp\/v2\/pages\/71\/revisions"}],"wp:attachment":[{"href":"https:\/\/sittaunam.org\/index.php\/wp-json\/wp\/v2\/media?parent=71"}],"curies":[{"name":"wp","href":"https:\/\/api.w.org\/{rel}","templated":true}]}}