{"id":889,"date":"2020-06-10T18:29:33","date_gmt":"2020-06-10T18:29:33","guid":{"rendered":"https:\/\/sittaunam19.wordpress.com\/?page_id=889"},"modified":"2020-06-10T18:29:33","modified_gmt":"2020-06-10T18:29:33","slug":"tramites","status":"publish","type":"page","link":"https:\/\/sittaunam.org\/index.php\/tramites\/","title":{"rendered":"Tr\u00e1mites y Convocatorias"},"content":{"rendered":"\n<p class=\"has-text-align-center\"><\/p>\n\n\n\n<h2 class=\"has-text-align-center wp-block-heading\"><strong><span style=\"color:#D4401C;\" class=\"has-inline-color\">Prestaciones<\/span><\/strong><\/h2>\n\n\n\n<p><span style=\"text-decoration:underline;\">Lentes, aparatos auditivos, ortop\u00e9dicos, pr\u00f3tesis y silla de ruedas<\/span><\/p>\n\n\n\n<p>Se brindan anteojos, lentes de contacto, aparatos auditivos y ortop\u00e9dicos de acuerdo a la prescripci\u00f3n m\u00e9dica del ISSSTE, al personal acad\u00e9mico y administrativo, as\u00ed como a los beneficiarios que indique la cl\u00e1usula 82 de los Contratos Colectivos. Para m\u00e1s detalles del tr\u00e1mite, consultar el siguiente archivo:<\/p>\n\n\n\n<div class=\"wp-block-file\"><a href=\"https:\/\/sittaunam19.files.wordpress.com\/2020\/11\/ordenesdetrabajo.pdf\">ordenesdetrabajo<\/a><a href=\"https:\/\/sittaunam19.files.wordpress.com\/2020\/11\/ordenesdetrabajo.pdf\" class=\"wp-block-file__button\" download>Descarga<\/a><\/div>\n\n\n\n<p>Se aconseja seguir estos pasos:<\/p>\n\n\n\n<p>1.- Acudir al ISSSTE, hacer una cita para que den la orden de trabajo<\/p>\n\n\n\n<p>2.- Ya con la orden de trabajo, ir a Direcci\u00f3n General de Personal con la receta m\u00e9dica y copia de credencial de la UNAM. Al parecer est\u00e1n dando citas a trav\u00e9s de su p\u00e1gina de internet, para llevar la orden de trabajo. Para hacer la cita, hay que entrar a la oficina virtual (https:\/\/www.personal.unam.mx\/dgpe\/index.action), con el usuario y contrase\u00f1a que usa para asentar calificaciones en el SIAE. <\/p>\n\n\n\n<p><span style=\"text-decoration:underline;\">P\u00f3liza de seguro de gastos m\u00e9dicos mayores<\/span><\/p>\n\n\n\n<p>Comunicado de la Direcci\u00f3n General de Personal: &#8220;Se comunica al personal acad\u00e9mico de tiempo completo, em\u00e9rito, funcionarios, profesores invitados o temporales, personal acad\u00e9mico de asignatura y medio tiempo, y personal de confianza, que el Seguro de Gastos M\u00e9dicos Mayores seguir\u00e1 a cargo de Seguros Inbursa, S.A. Grupo Financiero Inbursa, hasta las 12:00 horas del d\u00eda 01 de Febrero de 2021&#8221;. <\/p>\n\n\n\n<p>Para m\u00e1s detalles consultar los siguientes documentos:<\/p>\n\n\n\n<div class=\"wp-block-file\"><a href=\"https:\/\/sittaunam19.files.wordpress.com\/2020\/11\/circular.pdf\">circular<\/a><a href=\"https:\/\/sittaunam19.files.wordpress.com\/2020\/11\/circular.pdf\" class=\"wp-block-file__button\" download>Descarga<\/a><\/div>\n\n\n\n<div class=\"wp-block-file\"><a href=\"https:\/\/sittaunam19.files.wordpress.com\/2021\/01\/guia-gmm-present.fn_.pdf\">guia-gmm-present.fn_<\/a><a href=\"https:\/\/sittaunam19.files.wordpress.com\/2021\/01\/guia-gmm-present.fn_.pdf\" class=\"wp-block-file__button\" download>Descarga<\/a><\/div>\n\n\n\n<div class=\"wp-block-file\"><a href=\"https:\/\/sittaunam19.files.wordpress.com\/2021\/01\/present.-present.-seg.-puesta-en-march-acsgmm.b.pdf\">present.-present.-seg.-puesta-en-march-acsgmm.b<\/a><a href=\"https:\/\/sittaunam19.files.wordpress.com\/2021\/01\/present.-present.-seg.-puesta-en-march-acsgmm.b.pdf\" class=\"wp-block-file__button\" download>Descarga<\/a><\/div>\n\n\n\n<div class=\"wp-block-file\"><a href=\"https:\/\/sittaunam19.files.wordpress.com\/2021\/01\/respuestas-a-las-preguntas-del-personal-academico-del-igf.pdf\">respuestas-a-las-preguntas-del-personal-academico-del-igf<\/a><a href=\"https:\/\/sittaunam19.files.wordpress.com\/2021\/01\/respuestas-a-las-preguntas-del-personal-academico-del-igf.pdf\" class=\"wp-block-file__button\" download>Descarga<\/a><\/div>\n\n\n\n<p><\/p>\n\n\n\n<h2 class=\"has-text-align-center wp-block-heading\"><strong><span style=\"color:#D4401C;\" class=\"has-inline-color\">Convocatorias<\/span><\/strong><\/h2>\n\n\n\n<p><span style=\"text-decoration:underline;\">Cr\u00e9ditos FOVISSSTE<\/span><\/p>\n\n\n\n<p>Revisar la siguiente liga:<\/p>\n\n\n\n<p>https:\/\/www.infobae.com\/america\/mexico\/2021\/01\/16\/creditos-fovissste-2021-estas-son-las-opciones-para-comprar-vivienda-nueva-usada-o-hacer-reparaciones\/?outputType=amp-type<\/p>\n\n\n\n<p><span style=\"text-decoration:underline;\">Convocatoria a Iniciaci\u00f3n Universitaria<\/span><\/p>\n\n\n\n<p>La Universidad Nacional Aut\u00f3noma de M\u00e9xico tiene un programa de iniciaci\u00f3n universitaria, que incorpora los estudios de la educaci\u00f3n media b\u00e1sica a los estudios de bachillerato, ello en la Escuela Nacional Preparatoria n\u00famero 2. En dicho sistema, con base en lo se\u00f1alado en los contratos colectivos, se da preferencia al trabajador acad\u00e9mico, a su c\u00f3nyuge e hijos para la inscripci\u00f3n, cambio de carrera o cambio de horario, de sistema o de asignaci\u00f3n en las escuelas y facultades de la UNAM, incluido el Bachillerato de seis a\u00f1os que se imparte en el Plantel 2, &#8220;Erasmo Castellanos Quinto&#8221;, de la Escuela Nacional Preparatoria. En SITTAUNAM te asesoramos para dichos tr\u00e1mites.<\/p>\n\n\n\n<p><\/p>\n\n\n\n<p><span style=\"text-decoration:underline;\">Programa de becas incorporadas a la UNAM<\/span><\/p>\n\n\n\n<p>De acuerdo con la cl\u00e1usula 96, del Contrato Colectivo de Trabajo, la Comisi\u00f3n Mixta de Becas para Escuelas con Estudios Incoporados a la UNAM, emite una convocatoria para concursar por una beca en alguna Instituci\u00f3n con Planes de Estudios Incorporados a la UNAM en el ciclo 2020-2021. Requisitos: ser trabajador(a) acad\u00e9mico(a) de la UNAM, esposo(a) o hijo(a) del(a) mismo(a). M\u00e1s informaci\u00f3n en: <a href=\"http:\/\/www.dgire.unam.mx\/contenido_wp\/becas\/\">http:\/\/www.dgire.unam.mx\/contenido_wp\/becas\/<\/a><\/p>\n\n\n\n<h2 class=\"wp-block-heading\"><\/h2>\n\n\n\n<p><\/p>\n","protected":false},"excerpt":{"rendered":"<p>Prestaciones Lentes, aparatos auditivos, ortop\u00e9dicos, pr\u00f3tesis y silla de ruedas Se brindan anteojos, lentes de contacto, aparatos auditivos y ortop\u00e9dicos de acuerdo a la prescripci\u00f3n m\u00e9dica del ISSSTE, al personal acad\u00e9mico y administrativo, as\u00ed como a los beneficiarios que indique la cl\u00e1usula 82 de los Contratos Colectivos. Para m\u00e1s detalles del tr\u00e1mite, consultar el siguiente archivo: Se aconseja seguir estos pasos: 1.- Acudir al ISSSTE, hacer una cita para que den la orden de trabajo 2.- Ya con la orden de trabajo, ir a Direcci\u00f3n General de Personal con la receta m\u00e9dica y copia de credencial de la UNAM. Al parecer est\u00e1n dando citas a trav\u00e9s de su p\u00e1gina de internet, para llevar la orden de trabajo. Para hacer la cita, hay que entrar a la oficina virtual (https:\/\/www.personal.unam.mx\/dgpe\/index.action), con el usuario y contrase\u00f1a que usa para asentar calificaciones en el SIAE. P\u00f3liza de seguro de gastos m\u00e9dicos mayores Comunicado de la Direcci\u00f3n General de Personal: &#8220;Se comunica al personal acad\u00e9mico de tiempo completo, em\u00e9rito, funcionarios, profesores invitados o temporales, personal acad\u00e9mico de asignatura y medio tiempo, y personal de confianza, que el Seguro de Gastos M\u00e9dicos Mayores seguir\u00e1 a cargo de Seguros Inbursa, S.A. Grupo Financiero Inbursa, hasta las 12:00 horas del d\u00eda 01 de Febrero de 2021&#8221;. Para m\u00e1s detalles consultar los siguientes documentos: Convocatorias Cr\u00e9ditos FOVISSSTE Revisar la siguiente liga: https:\/\/www.infobae.com\/america\/mexico\/2021\/01\/16\/creditos-fovissste-2021-estas-son-las-opciones-para-comprar-vivienda-nueva-usada-o-hacer-reparaciones\/?outputType=amp-type Convocatoria a Iniciaci\u00f3n Universitaria La Universidad Nacional Aut\u00f3noma de M\u00e9xico tiene un programa de iniciaci\u00f3n universitaria, que incorpora los estudios de la educaci\u00f3n media b\u00e1sica a los estudios de bachillerato, ello en la Escuela Nacional Preparatoria n\u00famero 2. En dicho sistema, con base en lo se\u00f1alado en los contratos colectivos, se da preferencia al trabajador acad\u00e9mico, a su c\u00f3nyuge e hijos para la inscripci\u00f3n, cambio de carrera o cambio de horario, de sistema o de asignaci\u00f3n en las escuelas y facultades de la UNAM, incluido el Bachillerato de seis a\u00f1os que se imparte en el Plantel 2, &#8220;Erasmo Castellanos Quinto&#8221;, de la Escuela Nacional Preparatoria. En SITTAUNAM te asesoramos para dichos tr\u00e1mites. Programa de becas incorporadas a la UNAM De acuerdo con la cl\u00e1usula 96, del Contrato Colectivo de Trabajo, la Comisi\u00f3n Mixta de Becas para Escuelas con Estudios Incoporados a la UNAM, emite una convocatoria para concursar por una beca en alguna Instituci\u00f3n con Planes de Estudios Incorporados a la UNAM en el ciclo 2020-2021. Requisitos: ser trabajador(a) acad\u00e9mico(a) de la UNAM, esposo(a) o hijo(a) del(a) mismo(a). M\u00e1s informaci\u00f3n en: http:\/\/www.dgire.unam.mx\/contenido_wp\/becas\/<\/p>\n","protected":false},"author":1,"featured_media":0,"parent":0,"menu_order":0,"comment_status":"closed","ping_status":"closed","template":"","meta":{"site-sidebar-layout":"default","site-content-layout":"","ast-site-content-layout":"default","site-content-style":"default","site-sidebar-style":"default","ast-global-header-display":"","ast-banner-title-visibility":"","ast-main-header-display":"","ast-hfb-above-header-display":"","ast-hfb-below-header-display":"","ast-hfb-mobile-header-display":"","site-post-title":"","ast-breadcrumbs-content":"","ast-featured-img":"","footer-sml-layout":"","ast-disable-related-posts":"","theme-transparent-header-meta":"","adv-header-id-meta":"","stick-header-meta":"","header-above-stick-meta":"","header-main-stick-meta":"","header-below-stick-meta":"","astra-migrate-meta-layouts":"default","ast-page-background-enabled":"default","ast-page-background-meta":{"desktop":{"background-color":"var(--ast-global-color-5)","background-image":"","background-repeat":"repeat","background-position":"center center","background-size":"auto","background-attachment":"scroll","background-type":"","background-media":"","overlay-type":"","overlay-color":"","overlay-opacity":"","overlay-gradient":""},"tablet":{"background-color":"","background-image":"","background-repeat":"repeat","background-position":"center center","background-size":"auto","background-attachment":"scroll","background-type":"","background-media":"","overlay-type":"","overlay-color":"","overlay-opacity":"","overlay-gradient":""},"mobile":{"background-color":"","background-image":"","background-repeat":"repeat","background-position":"center center","background-size":"auto","background-attachment":"scroll","background-type":"","background-media":"","overlay-type":"","overlay-color":"","overlay-opacity":"","overlay-gradient":""}},"ast-content-background-meta":{"desktop":{"background-color":"var(--ast-global-color-4)","background-image":"","background-repeat":"repeat","background-position":"center center","background-size":"auto","background-attachment":"scroll","background-type":"","background-media":"","overlay-type":"","overlay-color":"","overlay-opacity":"","overlay-gradient":""},"tablet":{"background-color":"var(--ast-global-color-4)","background-image":"","background-repeat":"repeat","background-position":"center center","background-size":"auto","background-attachment":"scroll","background-type":"","background-media":"","overlay-type":"","overlay-color":"","overlay-opacity":"","overlay-gradient":""},"mobile":{"background-color":"var(--ast-global-color-4)","background-image":"","background-repeat":"repeat","background-position":"center center","background-size":"auto","background-attachment":"scroll","background-type":"","background-media":"","overlay-type":"","overlay-color":"","overlay-opacity":"","overlay-gradient":""}},"footnotes":""},"class_list":["post-889","page","type-page","status-publish","hentry"],"_links":{"self":[{"href":"https:\/\/sittaunam.org\/index.php\/wp-json\/wp\/v2\/pages\/889","targetHints":{"allow":["GET"]}}],"collection":[{"href":"https:\/\/sittaunam.org\/index.php\/wp-json\/wp\/v2\/pages"}],"about":[{"href":"https:\/\/sittaunam.org\/index.php\/wp-json\/wp\/v2\/types\/page"}],"author":[{"embeddable":true,"href":"https:\/\/sittaunam.org\/index.php\/wp-json\/wp\/v2\/users\/1"}],"replies":[{"embeddable":true,"href":"https:\/\/sittaunam.org\/index.php\/wp-json\/wp\/v2\/comments?post=889"}],"version-history":[{"count":0,"href":"https:\/\/sittaunam.org\/index.php\/wp-json\/wp\/v2\/pages\/889\/revisions"}],"wp:attachment":[{"href":"https:\/\/sittaunam.org\/index.php\/wp-json\/wp\/v2\/media?parent=889"}],"curies":[{"name":"wp","href":"https:\/\/api.w.org\/{rel}","templated":true}]}}